{"id":43320,"date":"2025-03-12T02:30:46","date_gmt":"2025-03-12T01:30:46","guid":{"rendered":"https:\/\/www.tc26-bijoux.com\/?post_type=product&#038;p=43320"},"modified":"2025-03-21T13:48:56","modified_gmt":"2025-03-21T12:48:56","slug":"solitaire-diamants-anissa-2","status":"publish","type":"product","link":"https:\/\/www.tc26-bijoux.com\/?product=solitaire-diamants-anissa-2","title":{"rendered":"Solitaire Diamants Anissa"},"content":{"rendered":"<p>La bague de fian\u00e7ailles  Anissa est fabriqu\u00e9e en or 18 carats, avec un or de couleur blanc. Elle est sertie de diamants de couleur G, d&rsquo;une puret\u00e9 VS, avec un poids total de 0,50 carats. Les dimensions de la bague sont de 10 mm, ce qui en fait un bijou d\u00e9licat et \u00e9l\u00e9gant. Cette bague est parfaite pour ajouter une touche de brillance et de sophistication \u00e0 votre look quotidien ou pour des occasions sp\u00e9ciales.<\/p>\n","protected":false},"excerpt":{"rendered":"<p>La bague de fian\u00e7ailles Anissa est fabriqu\u00e9e en or 18 carats, avec un or de couleur blanc. Elle est sertie de diamants de couleur G, d&rsquo;une<span class=\"excerpt-hellip\"> [\u2026]<\/span><\/p>\n","protected":false},"featured_media":6014,"template":"","meta":{"_seopress_robots_primary_cat":"","_seopress_titles_title":"","_seopress_titles_desc":"","_seopress_robots_index":"","_seopress_analysis_target_kw":"","iawp_total_views":3},"product_brand":[],"product_cat":[78],"product_tag":[],"class_list":{"0":"post-43320","1":"product","2":"type-product","3":"status-publish","4":"has-post-thumbnail","6":"product_cat-bagues-diamants","8":"first","9":"instock","10":"shipping-taxable","11":"purchasable","12":"product-type-variable"},"_links":{"self":[{"href":"https:\/\/www.tc26-bijoux.com\/index.php?rest_route=\/wp\/v2\/product\/43320","targetHints":{"allow":["GET"]}}],"collection":[{"href":"https:\/\/www.tc26-bijoux.com\/index.php?rest_route=\/wp\/v2\/product"}],"about":[{"href":"https:\/\/www.tc26-bijoux.com\/index.php?rest_route=\/wp\/v2\/types\/product"}],"wp:featuredmedia":[{"embeddable":true,"href":"https:\/\/www.tc26-bijoux.com\/index.php?rest_route=\/wp\/v2\/media\/6014"}],"wp:attachment":[{"href":"https:\/\/www.tc26-bijoux.com\/index.php?rest_route=%2Fwp%2Fv2%2Fmedia&parent=43320"}],"wp:term":[{"taxonomy":"product_brand","embeddable":true,"href":"https:\/\/www.tc26-bijoux.com\/index.php?rest_route=%2Fwp%2Fv2%2Fproduct_brand&post=43320"},{"taxonomy":"product_cat","embeddable":true,"href":"https:\/\/www.tc26-bijoux.com\/index.php?rest_route=%2Fwp%2Fv2%2Fproduct_cat&post=43320"},{"taxonomy":"product_tag","embeddable":true,"href":"https:\/\/www.tc26-bijoux.com\/index.php?rest_route=%2Fwp%2Fv2%2Fproduct_tag&post=43320"}],"curies":[{"name":"wp","href":"https:\/\/api.w.org\/{rel}","templated":true}]}}