{"id":43357,"date":"2025-03-12T02:30:56","date_gmt":"2025-03-12T01:30:56","guid":{"rendered":"https:\/\/www.tc26-bijoux.com\/?post_type=product&#038;p=43357"},"modified":"2025-03-21T13:48:59","modified_gmt":"2025-03-21T12:48:59","slug":"bague-diamants-angeles","status":"publish","type":"product","link":"https:\/\/www.tc26-bijoux.com\/?product=bague-diamants-angeles","title":{"rendered":"Bague Diamants Angeles"},"content":{"rendered":"<p>La bague Angeles est confectionn\u00e9e en or 18 carats, disponible en couleur or blanc ou jaune. Elle est sertie de diamants de couleur G, d&rsquo;une puret\u00e9 VS, d&rsquo;un poids total de 2,00 carats. Ses dimensions sont de 16,6&#215;21,8 mm, ce qui en fait un bijou imposant et \u00e9tincelant. Sa r\u00e9f\u00e9rence est XYR4412. Cette bague est un choix magnifique pour les amoureux de l&rsquo;\u00e9clat des diamants et de l&rsquo;\u00e9l\u00e9gance intemporelle.<\/p>\n","protected":false},"excerpt":{"rendered":"<p>La bague Angeles est confectionn\u00e9e en or 18 carats, disponible en couleur or blanc ou jaune. Elle est sertie de diamants de couleur G, d&rsquo;une puret\u00e9<span class=\"excerpt-hellip\"> [\u2026]<\/span><\/p>\n","protected":false},"featured_media":7155,"template":"","meta":{"_seopress_robots_primary_cat":"","_seopress_titles_title":"","_seopress_titles_desc":"","_seopress_robots_index":"","_seopress_analysis_target_kw":"","iawp_total_views":7},"product_brand":[],"product_cat":[78],"product_tag":[],"class_list":{"0":"post-43357","1":"product","2":"type-product","3":"status-publish","4":"has-post-thumbnail","6":"product_cat-bagues-diamants","8":"first","9":"instock","10":"shipping-taxable","11":"purchasable","12":"product-type-variable"},"_links":{"self":[{"href":"https:\/\/www.tc26-bijoux.com\/index.php?rest_route=\/wp\/v2\/product\/43357","targetHints":{"allow":["GET"]}}],"collection":[{"href":"https:\/\/www.tc26-bijoux.com\/index.php?rest_route=\/wp\/v2\/product"}],"about":[{"href":"https:\/\/www.tc26-bijoux.com\/index.php?rest_route=\/wp\/v2\/types\/product"}],"wp:featuredmedia":[{"embeddable":true,"href":"https:\/\/www.tc26-bijoux.com\/index.php?rest_route=\/wp\/v2\/media\/7155"}],"wp:attachment":[{"href":"https:\/\/www.tc26-bijoux.com\/index.php?rest_route=%2Fwp%2Fv2%2Fmedia&parent=43357"}],"wp:term":[{"taxonomy":"product_brand","embeddable":true,"href":"https:\/\/www.tc26-bijoux.com\/index.php?rest_route=%2Fwp%2Fv2%2Fproduct_brand&post=43357"},{"taxonomy":"product_cat","embeddable":true,"href":"https:\/\/www.tc26-bijoux.com\/index.php?rest_route=%2Fwp%2Fv2%2Fproduct_cat&post=43357"},{"taxonomy":"product_tag","embeddable":true,"href":"https:\/\/www.tc26-bijoux.com\/index.php?rest_route=%2Fwp%2Fv2%2Fproduct_tag&post=43357"}],"curies":[{"name":"wp","href":"https:\/\/api.w.org\/{rel}","templated":true}]}}