{"id":43505,"date":"2025-03-12T02:31:39","date_gmt":"2025-03-12T01:31:39","guid":{"rendered":"https:\/\/www.tc26-bijoux.com\/?post_type=product&#038;p=43505"},"modified":"2025-03-21T13:49:15","modified_gmt":"2025-03-21T12:49:15","slug":"alliance-or-diamants-kamilia-2","status":"publish","type":"product","link":"https:\/\/www.tc26-bijoux.com\/?product=alliance-or-diamants-kamilia-2","title":{"rendered":"Alliance Or Diamants Kamilia"},"content":{"rendered":"<p>L&rsquo;alliance Kamilia en or 18 carats est une bague magnifique orn\u00e9e de diamants scintillants. Fabriqu\u00e9e avec soin et pr\u00e9cision, cette alliance met en valeur la beaut\u00e9 de l&rsquo;or et l&rsquo;\u00e9clat des diamants. Les diamants, de couleur G et de puret\u00e9 VS, sont dispos\u00e9s de mani\u00e8re harmonieuse sur toute la circonf\u00e9rence de la bague, ajoutant une touche de glamour et de luxe. L&rsquo;alliance Kamilia est un choix parfait pour symboliser l&rsquo;amour et l&rsquo;engagement, offrant \u00e0 la fois \u00e9l\u00e9gance et \u00e9clat \u00e0 celui ou celle qui la porte.<\/p>\n","protected":false},"excerpt":{"rendered":"<p>L&rsquo;alliance Kamilia en or 18 carats est une bague magnifique orn\u00e9e de diamants scintillants. Fabriqu\u00e9e avec soin et pr\u00e9cision, cette alliance met en valeur la beaut\u00e9<span class=\"excerpt-hellip\"> [\u2026]<\/span><\/p>\n","protected":false},"featured_media":4455,"template":"","meta":{"_seopress_robots_primary_cat":"","_seopress_titles_title":"","_seopress_titles_desc":"","_seopress_robots_index":"","_seopress_analysis_target_kw":"","iawp_total_views":2},"product_brand":[],"product_cat":[78],"product_tag":[],"class_list":{"0":"post-43505","1":"product","2":"type-product","3":"status-publish","4":"has-post-thumbnail","6":"product_cat-bagues-diamants","8":"first","9":"instock","10":"shipping-taxable","11":"purchasable","12":"product-type-variable"},"_links":{"self":[{"href":"https:\/\/www.tc26-bijoux.com\/index.php?rest_route=\/wp\/v2\/product\/43505","targetHints":{"allow":["GET"]}}],"collection":[{"href":"https:\/\/www.tc26-bijoux.com\/index.php?rest_route=\/wp\/v2\/product"}],"about":[{"href":"https:\/\/www.tc26-bijoux.com\/index.php?rest_route=\/wp\/v2\/types\/product"}],"wp:featuredmedia":[{"embeddable":true,"href":"https:\/\/www.tc26-bijoux.com\/index.php?rest_route=\/wp\/v2\/media\/4455"}],"wp:attachment":[{"href":"https:\/\/www.tc26-bijoux.com\/index.php?rest_route=%2Fwp%2Fv2%2Fmedia&parent=43505"}],"wp:term":[{"taxonomy":"product_brand","embeddable":true,"href":"https:\/\/www.tc26-bijoux.com\/index.php?rest_route=%2Fwp%2Fv2%2Fproduct_brand&post=43505"},{"taxonomy":"product_cat","embeddable":true,"href":"https:\/\/www.tc26-bijoux.com\/index.php?rest_route=%2Fwp%2Fv2%2Fproduct_cat&post=43505"},{"taxonomy":"product_tag","embeddable":true,"href":"https:\/\/www.tc26-bijoux.com\/index.php?rest_route=%2Fwp%2Fv2%2Fproduct_tag&post=43505"}],"curies":[{"name":"wp","href":"https:\/\/api.w.org\/{rel}","templated":true}]}}