{"id":43542,"date":"2025-03-12T02:31:49","date_gmt":"2025-03-12T01:31:49","guid":{"rendered":"https:\/\/www.tc26-bijoux.com\/?post_type=product&#038;p=43542"},"modified":"2025-03-21T13:49:17","modified_gmt":"2025-03-21T12:49:17","slug":"solitaire-or-diamants-manon-2","status":"publish","type":"product","link":"https:\/\/www.tc26-bijoux.com\/?product=solitaire-or-diamants-manon-2","title":{"rendered":"Solitaire Or Diamants Manon"},"content":{"rendered":"<p>Le solitaire Manon en or 18 carats est une pi\u00e8ce classique et \u00e9l\u00e9gante. Il est orn\u00e9 d&rsquo;un diamant d&rsquo;un poids total de 0,50 carats, ce qui lui conf\u00e8re un \u00e9clat remarquable. Les dimensions du diamant sont de 5&#215;7,2 mm, ce qui lui donne une apparence gracieuse et \u00e9quilibr\u00e9e. Avec son design intemporel, ce solitaire est parfait pour symboliser l&rsquo;amour et l&rsquo;engagement. Que ce soit pour une demande en mariage ou pour c\u00e9l\u00e9brer une occasion sp\u00e9ciale, le solitaire Manon ajoutera une touche de brillance et de sophistication \u00e0 votre doigt.<\/p>\n","protected":false},"excerpt":{"rendered":"<p>Le solitaire Manon en or 18 carats est une pi\u00e8ce classique et \u00e9l\u00e9gante. Il est orn\u00e9 d&rsquo;un diamant d&rsquo;un poids total de 0,50 carats, ce qui<span class=\"excerpt-hellip\"> [\u2026]<\/span><\/p>\n","protected":false},"featured_media":5687,"template":"","meta":{"_seopress_robots_primary_cat":"","_seopress_titles_title":"","_seopress_titles_desc":"","_seopress_robots_index":"","_seopress_analysis_target_kw":"","iawp_total_views":5},"product_brand":[],"product_cat":[78],"product_tag":[],"class_list":{"0":"post-43542","1":"product","2":"type-product","3":"status-publish","4":"has-post-thumbnail","6":"product_cat-bagues-diamants","8":"first","9":"instock","10":"shipping-taxable","11":"purchasable","12":"product-type-variable"},"_links":{"self":[{"href":"https:\/\/www.tc26-bijoux.com\/index.php?rest_route=\/wp\/v2\/product\/43542","targetHints":{"allow":["GET"]}}],"collection":[{"href":"https:\/\/www.tc26-bijoux.com\/index.php?rest_route=\/wp\/v2\/product"}],"about":[{"href":"https:\/\/www.tc26-bijoux.com\/index.php?rest_route=\/wp\/v2\/types\/product"}],"wp:featuredmedia":[{"embeddable":true,"href":"https:\/\/www.tc26-bijoux.com\/index.php?rest_route=\/wp\/v2\/media\/5687"}],"wp:attachment":[{"href":"https:\/\/www.tc26-bijoux.com\/index.php?rest_route=%2Fwp%2Fv2%2Fmedia&parent=43542"}],"wp:term":[{"taxonomy":"product_brand","embeddable":true,"href":"https:\/\/www.tc26-bijoux.com\/index.php?rest_route=%2Fwp%2Fv2%2Fproduct_brand&post=43542"},{"taxonomy":"product_cat","embeddable":true,"href":"https:\/\/www.tc26-bijoux.com\/index.php?rest_route=%2Fwp%2Fv2%2Fproduct_cat&post=43542"},{"taxonomy":"product_tag","embeddable":true,"href":"https:\/\/www.tc26-bijoux.com\/index.php?rest_route=%2Fwp%2Fv2%2Fproduct_tag&post=43542"}],"curies":[{"name":"wp","href":"https:\/\/api.w.org\/{rel}","templated":true}]}}