{"id":43761,"date":"2025-03-12T02:32:59","date_gmt":"2025-03-12T01:32:59","guid":{"rendered":"https:\/\/www.tc26-bijoux.com\/?post_type=product&#038;p=43761"},"modified":"2025-03-21T13:49:52","modified_gmt":"2025-03-21T12:49:52","slug":"bague-diamants-kanel","status":"publish","type":"product","link":"https:\/\/www.tc26-bijoux.com\/?product=bague-diamants-kanel","title":{"rendered":"Bague Diamants Kanel"},"content":{"rendered":"<p>La bague Kanel en or 18 carats est une cr\u00e9ation exquise orn\u00e9e de diamants \u00e9blouissants. Fabriqu\u00e9e avec expertise, cette bague met en valeur la beaut\u00e9 de l&rsquo;or et l&rsquo;\u00e9clat des diamants. Les diamants, de couleur G et de puret\u00e9 VS, sont soigneusement sertis pour cr\u00e9er un effet scintillant et saisissant. La bague Kanel est un symbole de sophistication et d&rsquo;\u00e9l\u00e9gance, et elle apporte une touche de luxe \u00e0 toute occasion sp\u00e9ciale.<\/p>\n","protected":false},"excerpt":{"rendered":"<p>Mati\u00e8re : Or 18 carat\u00a0<\/p>\n<p>Couleur m\u00e9tal : Blanc \/ Jaune<\/p>\n<p>Nature des Pierres : Diamants\u00a0<\/p>\n<p>Couleur des Diamants : G<\/p>\n<p>Puret\u00e9 des Diamants : VS<\/p>\n<p>Poid des Diamants\u00a0\u00a0\u00a0: 0.37\/ 0.55 \/ 1\u00a0Carats<\/p>\n<p>Nombre de Diamants\u00a0\u00a0: 43 \/ 54 \/ 51\u00a0<\/p>\n<p>Largeur de l&rsquo;anneau : 4.3 \/ 4.1 \/ 5\u00a0\u00a0mm<\/p>\n<p>R\u00e9f\u00e9rence :DNR208R \/ XYR10353R \/ BJR0269<\/p>\n","protected":false},"featured_media":4550,"template":"","meta":{"_seopress_robots_primary_cat":"","_seopress_titles_title":"","_seopress_titles_desc":"","_seopress_robots_index":"","_seopress_analysis_target_kw":"","iawp_total_views":15},"product_brand":[],"product_cat":[78],"product_tag":[],"class_list":{"0":"post-43761","1":"product","2":"type-product","3":"status-publish","4":"has-post-thumbnail","6":"product_cat-bagues-diamants","8":"first","9":"instock","10":"shipping-taxable","11":"purchasable","12":"product-type-variable"},"_links":{"self":[{"href":"https:\/\/www.tc26-bijoux.com\/index.php?rest_route=\/wp\/v2\/product\/43761","targetHints":{"allow":["GET"]}}],"collection":[{"href":"https:\/\/www.tc26-bijoux.com\/index.php?rest_route=\/wp\/v2\/product"}],"about":[{"href":"https:\/\/www.tc26-bijoux.com\/index.php?rest_route=\/wp\/v2\/types\/product"}],"wp:featuredmedia":[{"embeddable":true,"href":"https:\/\/www.tc26-bijoux.com\/index.php?rest_route=\/wp\/v2\/media\/4550"}],"wp:attachment":[{"href":"https:\/\/www.tc26-bijoux.com\/index.php?rest_route=%2Fwp%2Fv2%2Fmedia&parent=43761"}],"wp:term":[{"taxonomy":"product_brand","embeddable":true,"href":"https:\/\/www.tc26-bijoux.com\/index.php?rest_route=%2Fwp%2Fv2%2Fproduct_brand&post=43761"},{"taxonomy":"product_cat","embeddable":true,"href":"https:\/\/www.tc26-bijoux.com\/index.php?rest_route=%2Fwp%2Fv2%2Fproduct_cat&post=43761"},{"taxonomy":"product_tag","embeddable":true,"href":"https:\/\/www.tc26-bijoux.com\/index.php?rest_route=%2Fwp%2Fv2%2Fproduct_tag&post=43761"}],"curies":[{"name":"wp","href":"https:\/\/api.w.org\/{rel}","templated":true}]}}