{"id":43944,"date":"2025-03-12T02:33:59","date_gmt":"2025-03-12T01:33:59","guid":{"rendered":"https:\/\/www.tc26-bijoux.com\/?post_type=product&#038;p=43944"},"modified":"2025-03-21T13:50:00","modified_gmt":"2025-03-21T12:50:00","slug":"bague-or-diamants-candys","status":"publish","type":"product","link":"https:\/\/www.tc26-bijoux.com\/?product=bague-or-diamants-candys","title":{"rendered":"Bague Or Diamants Candys"},"content":{"rendered":"<p>La bague Candys est r\u00e9alis\u00e9e en or 18 carats, disponible en couleur or blanc ou jaune. Elle est sertie de diamants de couleur G, d&rsquo;une puret\u00e9 VS, avec un poids total de 0,50 carats. La bague a une largeur de bande de 1,7 mm, ce qui en fait un bijou d\u00e9licat et \u00e9l\u00e9gant. Cette bague est parfaite pour ajouter une touche de brillance subtile \u00e0 votre look quotidien ou pour \u00eatre port\u00e9e en tant que bague de fian\u00e7ailles ou alliance.<\/p>\n","protected":false},"excerpt":{"rendered":"<p>Mati\u00e8re : Or\u00a018\u00a0Carats<\/p>\n<p>Couleur m\u00e9tal : Blanc \/ Jaune\u00a0<\/p>\n<p>Nature des\u00a0Pierres : Diamants\u00a0<\/p>\n<p>Couleur des\u00a0Diamants : G<\/p>\n<p>Puret\u00e9 des\u00a0Diamants : VS<\/p>\n<p>Poid Total des diamants\u00a0\u00a0: 0.50\u00a0Carats<\/p>\n<p>Largeur de la bande : 1.7\u00a0mm<\/p>\n<p>R\u00e9f\u00e9rence : DRHQ930 \/ DRHQ911<\/p>\n","protected":false},"featured_media":4704,"template":"","meta":{"_seopress_robots_primary_cat":"","_seopress_titles_title":"","_seopress_titles_desc":"","_seopress_robots_index":"","_seopress_analysis_target_kw":"","iawp_total_views":3},"product_brand":[],"product_cat":[78],"product_tag":[],"class_list":{"0":"post-43944","1":"product","2":"type-product","3":"status-publish","4":"has-post-thumbnail","6":"product_cat-bagues-diamants","8":"first","9":"instock","10":"shipping-taxable","11":"purchasable","12":"product-type-variable"},"_links":{"self":[{"href":"https:\/\/www.tc26-bijoux.com\/index.php?rest_route=\/wp\/v2\/product\/43944","targetHints":{"allow":["GET"]}}],"collection":[{"href":"https:\/\/www.tc26-bijoux.com\/index.php?rest_route=\/wp\/v2\/product"}],"about":[{"href":"https:\/\/www.tc26-bijoux.com\/index.php?rest_route=\/wp\/v2\/types\/product"}],"wp:featuredmedia":[{"embeddable":true,"href":"https:\/\/www.tc26-bijoux.com\/index.php?rest_route=\/wp\/v2\/media\/4704"}],"wp:attachment":[{"href":"https:\/\/www.tc26-bijoux.com\/index.php?rest_route=%2Fwp%2Fv2%2Fmedia&parent=43944"}],"wp:term":[{"taxonomy":"product_brand","embeddable":true,"href":"https:\/\/www.tc26-bijoux.com\/index.php?rest_route=%2Fwp%2Fv2%2Fproduct_brand&post=43944"},{"taxonomy":"product_cat","embeddable":true,"href":"https:\/\/www.tc26-bijoux.com\/index.php?rest_route=%2Fwp%2Fv2%2Fproduct_cat&post=43944"},{"taxonomy":"product_tag","embeddable":true,"href":"https:\/\/www.tc26-bijoux.com\/index.php?rest_route=%2Fwp%2Fv2%2Fproduct_tag&post=43944"}],"curies":[{"name":"wp","href":"https:\/\/api.w.org\/{rel}","templated":true}]}}