{"id":43981,"date":"2025-03-12T02:34:09","date_gmt":"2025-03-12T01:34:09","guid":{"rendered":"https:\/\/www.tc26-bijoux.com\/?post_type=product&#038;p=43981"},"modified":"2025-03-21T13:50:07","modified_gmt":"2025-03-21T12:50:07","slug":"solitaire-or-18-carats-et-diamants-eliana-2","status":"publish","type":"product","link":"https:\/\/www.tc26-bijoux.com\/?product=solitaire-or-18-carats-et-diamants-eliana-2","title":{"rendered":"Solitaire Or 18 Carats et Diamants Eliana"},"content":{"rendered":"<p>Le solitaire \u00ab\u00a0Eliana\u00a0\u00bb en or 18 carats et diamants est un bijou d&rsquo;une grande \u00e9l\u00e9gance et d&rsquo;un style intemporel. Il est fabriqu\u00e9 en or 18 carats, avec une finition en m\u00e9tal blanc, qui lui conf\u00e8re une allure raffin\u00e9e. Le solitaire est orn\u00e9 d&rsquo;un diamant central, dont le caratage peut varier entre 0,40 et 0,85 carats, selon votre choix. Le caratage total des diamants dans la bague varie \u00e9galement entre 0,65 et 1,25 carats. La largeur de la bande de la bague mesure entre 1,6 et 1,7 mm, ajoutant une touche subtile et \u00e9l\u00e9gante \u00e0 l&rsquo;ensemble. Les diamants sont de puret\u00e9 GVS, ce qui signifie qu&rsquo;ils offrent une brillance \u00e9clatante et une clart\u00e9 exceptionnelle. Le solitaire \u00ab\u00a0Eliana\u00a0\u00bb est un choix parfait pour ceux qui recherchent une bague de fian\u00e7ailles classique et intemporelle, qui mettra en valeur la beaut\u00e9 et l&rsquo;\u00e9clat du diamant central.<\/p>\n","protected":false},"excerpt":{"rendered":"<p>Le solitaire \u00ab\u00a0Eliana\u00a0\u00bb en or 18 carats et diamants est un bijou d&rsquo;une grande \u00e9l\u00e9gance et d&rsquo;un style intemporel. Il est fabriqu\u00e9 en or 18 carats,<span class=\"excerpt-hellip\"> [\u2026]<\/span><\/p>\n","protected":false},"featured_media":5876,"template":"","meta":{"_seopress_robots_primary_cat":"","_seopress_titles_title":"","_seopress_titles_desc":"","_seopress_robots_index":"","_seopress_analysis_target_kw":"","iawp_total_views":3},"product_brand":[],"product_cat":[78],"product_tag":[],"class_list":{"0":"post-43981","1":"product","2":"type-product","3":"status-publish","4":"has-post-thumbnail","6":"product_cat-bagues-diamants","8":"first","9":"instock","10":"shipping-taxable","11":"purchasable","12":"product-type-variable"},"_links":{"self":[{"href":"https:\/\/www.tc26-bijoux.com\/index.php?rest_route=\/wp\/v2\/product\/43981","targetHints":{"allow":["GET"]}}],"collection":[{"href":"https:\/\/www.tc26-bijoux.com\/index.php?rest_route=\/wp\/v2\/product"}],"about":[{"href":"https:\/\/www.tc26-bijoux.com\/index.php?rest_route=\/wp\/v2\/types\/product"}],"wp:featuredmedia":[{"embeddable":true,"href":"https:\/\/www.tc26-bijoux.com\/index.php?rest_route=\/wp\/v2\/media\/5876"}],"wp:attachment":[{"href":"https:\/\/www.tc26-bijoux.com\/index.php?rest_route=%2Fwp%2Fv2%2Fmedia&parent=43981"}],"wp:term":[{"taxonomy":"product_brand","embeddable":true,"href":"https:\/\/www.tc26-bijoux.com\/index.php?rest_route=%2Fwp%2Fv2%2Fproduct_brand&post=43981"},{"taxonomy":"product_cat","embeddable":true,"href":"https:\/\/www.tc26-bijoux.com\/index.php?rest_route=%2Fwp%2Fv2%2Fproduct_cat&post=43981"},{"taxonomy":"product_tag","embeddable":true,"href":"https:\/\/www.tc26-bijoux.com\/index.php?rest_route=%2Fwp%2Fv2%2Fproduct_tag&post=43981"}],"curies":[{"name":"wp","href":"https:\/\/api.w.org\/{rel}","templated":true}]}}