{"id":44128,"date":"2025-03-12T02:34:55","date_gmt":"2025-03-12T01:34:55","guid":{"rendered":"https:\/\/www.tc26-bijoux.com\/?post_type=product&#038;p=44128"},"modified":"2025-03-21T13:50:18","modified_gmt":"2025-03-21T12:50:18","slug":"solitaire-or-diamants-elinor-2","status":"publish","type":"product","link":"https:\/\/www.tc26-bijoux.com\/?product=solitaire-or-diamants-elinor-2","title":{"rendered":"Solitaire Or Diamants Elinor"},"content":{"rendered":"<p>Le solitaire Elinor en or 18 carats est un bijou d&rsquo;une \u00e9l\u00e9gance exceptionnelle. Sa simplicit\u00e9 et son raffinement en font un choix intemporel pour les amoureux des diamants. La bague est orn\u00e9e d&rsquo;un magnifique diamant de haute qualit\u00e9, ajoutant une touche d&rsquo;\u00e9clat et de glamour \u00e0 votre doigt. Que ce soit pour une demande en mariage ou pour marquer une occasion sp\u00e9ciale, le solitaire Elinor est un symbole d&rsquo;amour et d&rsquo;engagement qui brille de mille feux.<\/p>\n","protected":false},"excerpt":{"rendered":"<p>Le solitaire Elinor en or 18 carats est un bijou d&rsquo;une \u00e9l\u00e9gance exceptionnelle. Sa simplicit\u00e9 et son raffinement en font un choix intemporel pour les amoureux<span class=\"excerpt-hellip\"> [\u2026]<\/span><\/p>\n","protected":false},"featured_media":4975,"template":"","meta":{"_seopress_robots_primary_cat":"","_seopress_titles_title":"","_seopress_titles_desc":"","_seopress_robots_index":"","_seopress_analysis_target_kw":"","iawp_total_views":5},"product_brand":[],"product_cat":[78],"product_tag":[],"class_list":{"0":"post-44128","1":"product","2":"type-product","3":"status-publish","4":"has-post-thumbnail","6":"product_cat-bagues-diamants","8":"first","9":"instock","10":"shipping-taxable","11":"purchasable","12":"product-type-variable"},"_links":{"self":[{"href":"https:\/\/www.tc26-bijoux.com\/index.php?rest_route=\/wp\/v2\/product\/44128","targetHints":{"allow":["GET"]}}],"collection":[{"href":"https:\/\/www.tc26-bijoux.com\/index.php?rest_route=\/wp\/v2\/product"}],"about":[{"href":"https:\/\/www.tc26-bijoux.com\/index.php?rest_route=\/wp\/v2\/types\/product"}],"wp:featuredmedia":[{"embeddable":true,"href":"https:\/\/www.tc26-bijoux.com\/index.php?rest_route=\/wp\/v2\/media\/4975"}],"wp:attachment":[{"href":"https:\/\/www.tc26-bijoux.com\/index.php?rest_route=%2Fwp%2Fv2%2Fmedia&parent=44128"}],"wp:term":[{"taxonomy":"product_brand","embeddable":true,"href":"https:\/\/www.tc26-bijoux.com\/index.php?rest_route=%2Fwp%2Fv2%2Fproduct_brand&post=44128"},{"taxonomy":"product_cat","embeddable":true,"href":"https:\/\/www.tc26-bijoux.com\/index.php?rest_route=%2Fwp%2Fv2%2Fproduct_cat&post=44128"},{"taxonomy":"product_tag","embeddable":true,"href":"https:\/\/www.tc26-bijoux.com\/index.php?rest_route=%2Fwp%2Fv2%2Fproduct_tag&post=44128"}],"curies":[{"name":"wp","href":"https:\/\/api.w.org\/{rel}","templated":true}]}}