{"id":44165,"date":"2025-03-12T02:35:05","date_gmt":"2025-03-12T01:35:05","guid":{"rendered":"https:\/\/www.tc26-bijoux.com\/?post_type=product&#038;p=44165"},"modified":"2025-03-21T13:50:21","modified_gmt":"2025-03-21T12:50:21","slug":"bague-diamants-aliana-2","status":"publish","type":"product","link":"https:\/\/www.tc26-bijoux.com\/?product=bague-diamants-aliana-2","title":{"rendered":"Bague Diamants Aliana"},"content":{"rendered":"<p>D\u00e9couvrez \u00ab\u00a0Aliana\u00a0\u00bb, une bague de fian\u00e7ailles en or 18 carats d&rsquo;une \u00e9l\u00e9gance incomparable. L&rsquo;or blanc conf\u00e8re \u00e0 cette pi\u00e8ce un aspect raffin\u00e9 et intemporel. Les diamants, d&rsquo;une couleur G et d&rsquo;une puret\u00e9 VS, apportent une brillance \u00e9clatante \u00e0 la bague. Avec un poids total de diamants de 0,90 carat, cette bague brille de mille feux.Les dimensions g\u00e9n\u00e9reuses de \u00ab\u00a0Aliana\u00a0\u00bb mesurent 13,8&#215;14,5 mm, lui conf\u00e9rant une pr\u00e9sence imposante et captivante au doigt. Son design harmonieux et sophistiqu\u00e9 saura attirer tous les regards. Avec \u00ab\u00a0Aliana\u00a0\u00bb, vous porterez une pi\u00e8ce de haute qualit\u00e9, alliant beaut\u00e9 intemporelle et \u00e9clat remarquable.<\/p>\n","protected":false},"excerpt":{"rendered":"<p>D\u00e9couvrez \u00ab\u00a0Aliana\u00a0\u00bb, une bague de fian\u00e7ailles en or 18 carats d&rsquo;une \u00e9l\u00e9gance incomparable. L&rsquo;or blanc conf\u00e8re \u00e0 cette pi\u00e8ce un aspect raffin\u00e9 et intemporel. Les diamants,<span class=\"excerpt-hellip\"> [\u2026]<\/span><\/p>\n","protected":false},"featured_media":6908,"template":"","meta":{"_seopress_robots_primary_cat":"","_seopress_titles_title":"","_seopress_titles_desc":"","_seopress_robots_index":"","_seopress_analysis_target_kw":"","iawp_total_views":9},"product_brand":[],"product_cat":[78],"product_tag":[],"class_list":{"0":"post-44165","1":"product","2":"type-product","3":"status-publish","4":"has-post-thumbnail","6":"product_cat-bagues-diamants","8":"first","9":"instock","10":"shipping-taxable","11":"purchasable","12":"product-type-variable"},"_links":{"self":[{"href":"https:\/\/www.tc26-bijoux.com\/index.php?rest_route=\/wp\/v2\/product\/44165","targetHints":{"allow":["GET"]}}],"collection":[{"href":"https:\/\/www.tc26-bijoux.com\/index.php?rest_route=\/wp\/v2\/product"}],"about":[{"href":"https:\/\/www.tc26-bijoux.com\/index.php?rest_route=\/wp\/v2\/types\/product"}],"wp:featuredmedia":[{"embeddable":true,"href":"https:\/\/www.tc26-bijoux.com\/index.php?rest_route=\/wp\/v2\/media\/6908"}],"wp:attachment":[{"href":"https:\/\/www.tc26-bijoux.com\/index.php?rest_route=%2Fwp%2Fv2%2Fmedia&parent=44165"}],"wp:term":[{"taxonomy":"product_brand","embeddable":true,"href":"https:\/\/www.tc26-bijoux.com\/index.php?rest_route=%2Fwp%2Fv2%2Fproduct_brand&post=44165"},{"taxonomy":"product_cat","embeddable":true,"href":"https:\/\/www.tc26-bijoux.com\/index.php?rest_route=%2Fwp%2Fv2%2Fproduct_cat&post=44165"},{"taxonomy":"product_tag","embeddable":true,"href":"https:\/\/www.tc26-bijoux.com\/index.php?rest_route=%2Fwp%2Fv2%2Fproduct_tag&post=44165"}],"curies":[{"name":"wp","href":"https:\/\/api.w.org\/{rel}","templated":true}]}}