{"id":44239,"date":"2025-03-12T02:35:25","date_gmt":"2025-03-12T01:35:25","guid":{"rendered":"https:\/\/www.tc26-bijoux.com\/?post_type=product&#038;p=44239"},"modified":"2025-03-21T13:50:28","modified_gmt":"2025-03-21T12:50:28","slug":"solitaire-or-diamants-elodea-3","status":"publish","type":"product","link":"https:\/\/www.tc26-bijoux.com\/?product=solitaire-or-diamants-elodea-3","title":{"rendered":"Solitaire Or Diamants Elodea"},"content":{"rendered":"<p>Le solitaire Elodea en or 18 carats est un bijou d&rsquo;une beaut\u00e9 incomparable. Il est orn\u00e9 d&rsquo;un diamant central de haute qualit\u00e9, symbolisant l&rsquo;amour et l&rsquo;engagement. La couleur des diamants est G et leur puret\u00e9 est VS, assurant un \u00e9clat exceptionnel. Avec son design minimaliste et intemporel, le solitaire Elodea met en valeur la brillance et la pr\u00e9ciosit\u00e9 des diamants, faisant de cette bague un choix parfait pour les occasions sp\u00e9ciales et les moments inoubliables.<\/p>\n","protected":false},"excerpt":{"rendered":"<p>Le solitaire Elodea en or 18 carats est un bijou d&rsquo;une beaut\u00e9 incomparable. Il est orn\u00e9 d&rsquo;un diamant central de haute qualit\u00e9, symbolisant l&rsquo;amour et l&rsquo;engagement.<span class=\"excerpt-hellip\"> [\u2026]<\/span><\/p>\n","protected":false},"featured_media":5190,"template":"","meta":{"_seopress_robots_primary_cat":"","_seopress_titles_title":"","_seopress_titles_desc":"","_seopress_robots_index":"","_seopress_analysis_target_kw":"","iawp_total_views":6},"product_brand":[],"product_cat":[78],"product_tag":[],"class_list":{"0":"post-44239","1":"product","2":"type-product","3":"status-publish","4":"has-post-thumbnail","6":"product_cat-bagues-diamants","8":"first","9":"instock","10":"shipping-taxable","11":"purchasable","12":"product-type-variable"},"_links":{"self":[{"href":"https:\/\/www.tc26-bijoux.com\/index.php?rest_route=\/wp\/v2\/product\/44239","targetHints":{"allow":["GET"]}}],"collection":[{"href":"https:\/\/www.tc26-bijoux.com\/index.php?rest_route=\/wp\/v2\/product"}],"about":[{"href":"https:\/\/www.tc26-bijoux.com\/index.php?rest_route=\/wp\/v2\/types\/product"}],"wp:featuredmedia":[{"embeddable":true,"href":"https:\/\/www.tc26-bijoux.com\/index.php?rest_route=\/wp\/v2\/media\/5190"}],"wp:attachment":[{"href":"https:\/\/www.tc26-bijoux.com\/index.php?rest_route=%2Fwp%2Fv2%2Fmedia&parent=44239"}],"wp:term":[{"taxonomy":"product_brand","embeddable":true,"href":"https:\/\/www.tc26-bijoux.com\/index.php?rest_route=%2Fwp%2Fv2%2Fproduct_brand&post=44239"},{"taxonomy":"product_cat","embeddable":true,"href":"https:\/\/www.tc26-bijoux.com\/index.php?rest_route=%2Fwp%2Fv2%2Fproduct_cat&post=44239"},{"taxonomy":"product_tag","embeddable":true,"href":"https:\/\/www.tc26-bijoux.com\/index.php?rest_route=%2Fwp%2Fv2%2Fproduct_tag&post=44239"}],"curies":[{"name":"wp","href":"https:\/\/api.w.org\/{rel}","templated":true}]}}