{"id":44386,"date":"2025-03-12T02:36:09","date_gmt":"2025-03-12T01:36:09","guid":{"rendered":"https:\/\/www.tc26-bijoux.com\/?post_type=product&#038;p=44386"},"modified":"2025-03-21T13:50:42","modified_gmt":"2025-03-21T12:50:42","slug":"bague-or-diamants-lavanya","status":"publish","type":"product","link":"https:\/\/www.tc26-bijoux.com\/?product=bague-or-diamants-lavanya","title":{"rendered":"Bague or Diamants Lavanya"},"content":{"rendered":"<p>La bague Lavanya est une pi\u00e8ce exceptionnelle en or 18 carats, disponible en diff\u00e9rentes couleurs or : blanc, rose, jaune ou en combinaison de deux ors (blanc et rose). Elle est orn\u00e9e de magnifiques diamants de couleur G et de puret\u00e9 VS. Cette bague incarne l&rsquo;\u00e9l\u00e9gance et la sophistication, ajoutant une touche de luxe \u00e0 votre collection de bijoux. Son design intemporel et la brillance des diamants en font un choix parfait pour les occasions sp\u00e9ciales.<\/p>\n","protected":false},"excerpt":{"rendered":"<p>La bague Lavanya est une pi\u00e8ce exceptionnelle en or 18 carats, disponible en diff\u00e9rentes couleurs or : blanc, rose, jaune ou en combinaison de deux ors<span class=\"excerpt-hellip\"> [\u2026]<\/span><\/p>\n","protected":false},"featured_media":4208,"template":"","meta":{"_seopress_robots_primary_cat":"","_seopress_titles_title":"","_seopress_titles_desc":"","_seopress_robots_index":"","_seopress_analysis_target_kw":"","iawp_total_views":7},"product_brand":[],"product_cat":[78],"product_tag":[],"class_list":{"0":"post-44386","1":"product","2":"type-product","3":"status-publish","4":"has-post-thumbnail","6":"product_cat-bagues-diamants","8":"first","9":"instock","10":"shipping-taxable","11":"purchasable","12":"product-type-variable"},"_links":{"self":[{"href":"https:\/\/www.tc26-bijoux.com\/index.php?rest_route=\/wp\/v2\/product\/44386","targetHints":{"allow":["GET"]}}],"collection":[{"href":"https:\/\/www.tc26-bijoux.com\/index.php?rest_route=\/wp\/v2\/product"}],"about":[{"href":"https:\/\/www.tc26-bijoux.com\/index.php?rest_route=\/wp\/v2\/types\/product"}],"wp:featuredmedia":[{"embeddable":true,"href":"https:\/\/www.tc26-bijoux.com\/index.php?rest_route=\/wp\/v2\/media\/4208"}],"wp:attachment":[{"href":"https:\/\/www.tc26-bijoux.com\/index.php?rest_route=%2Fwp%2Fv2%2Fmedia&parent=44386"}],"wp:term":[{"taxonomy":"product_brand","embeddable":true,"href":"https:\/\/www.tc26-bijoux.com\/index.php?rest_route=%2Fwp%2Fv2%2Fproduct_brand&post=44386"},{"taxonomy":"product_cat","embeddable":true,"href":"https:\/\/www.tc26-bijoux.com\/index.php?rest_route=%2Fwp%2Fv2%2Fproduct_cat&post=44386"},{"taxonomy":"product_tag","embeddable":true,"href":"https:\/\/www.tc26-bijoux.com\/index.php?rest_route=%2Fwp%2Fv2%2Fproduct_tag&post=44386"}],"curies":[{"name":"wp","href":"https:\/\/api.w.org\/{rel}","templated":true}]}}