{"id":44497,"date":"2025-03-12T02:36:43","date_gmt":"2025-03-12T01:36:43","guid":{"rendered":"https:\/\/www.tc26-bijoux.com\/?post_type=product&#038;p=44497"},"modified":"2025-03-21T13:50:53","modified_gmt":"2025-03-21T12:50:53","slug":"bague-or-diamants-anicia","status":"publish","type":"product","link":"https:\/\/www.tc26-bijoux.com\/?product=bague-or-diamants-anicia","title":{"rendered":"Bague Or Diamants Anicia"},"content":{"rendered":"<p>La bague Anicia est r\u00e9alis\u00e9e en or 18 carats avec un or de couleur blanc. Elle est sertie de diamants de couleur G, d&rsquo;une puret\u00e9 VS, avec un poids total de 2,25 carats. Les dimensions de la bague sont de 22 mm, ce qui en fait un bijou imposant et \u00e9tincelant. Sa r\u00e9f\u00e9rence est XYR12378. Cette bague est un choix parfait pour ceux qui recherchent un bijou remarquable et luxueux, ajoutant une touche de brillance et d&rsquo;\u00e9l\u00e9gance \u00e0 toute tenue.<\/p>\n","protected":false},"excerpt":{"rendered":"<p>Mati\u00e8re : Or\u00a018 Carats<\/p>\n<p>Couleur m\u00e9tal : Blanc\u00a0<\/p>\n<p>Nature des\u00a0Pierres : Diamants\u00a0<\/p>\n<p>Couleur des\u00a0Diamants : G<\/p>\n<p>Puret\u00e9 des\u00a0Diamants : VS<\/p>\n<p>Poid Total des diamants\u00a0\u00a0: 2.25\u00a0Carats<\/p>\n<p>Dimension :\u00a0 22\u00a0mm<\/p>\n<p>R\u00e9f\u00e9rence : XYR12378<\/p>\n","protected":false},"featured_media":7278,"template":"","meta":{"_seopress_robots_primary_cat":"","_seopress_titles_title":"","_seopress_titles_desc":"","_seopress_robots_index":"","_seopress_analysis_target_kw":"","iawp_total_views":5},"product_brand":[],"product_cat":[78],"product_tag":[],"class_list":{"0":"post-44497","1":"product","2":"type-product","3":"status-publish","4":"has-post-thumbnail","6":"product_cat-bagues-diamants","8":"first","9":"instock","10":"shipping-taxable","11":"purchasable","12":"product-type-variable"},"_links":{"self":[{"href":"https:\/\/www.tc26-bijoux.com\/index.php?rest_route=\/wp\/v2\/product\/44497","targetHints":{"allow":["GET"]}}],"collection":[{"href":"https:\/\/www.tc26-bijoux.com\/index.php?rest_route=\/wp\/v2\/product"}],"about":[{"href":"https:\/\/www.tc26-bijoux.com\/index.php?rest_route=\/wp\/v2\/types\/product"}],"wp:featuredmedia":[{"embeddable":true,"href":"https:\/\/www.tc26-bijoux.com\/index.php?rest_route=\/wp\/v2\/media\/7278"}],"wp:attachment":[{"href":"https:\/\/www.tc26-bijoux.com\/index.php?rest_route=%2Fwp%2Fv2%2Fmedia&parent=44497"}],"wp:term":[{"taxonomy":"product_brand","embeddable":true,"href":"https:\/\/www.tc26-bijoux.com\/index.php?rest_route=%2Fwp%2Fv2%2Fproduct_brand&post=44497"},{"taxonomy":"product_cat","embeddable":true,"href":"https:\/\/www.tc26-bijoux.com\/index.php?rest_route=%2Fwp%2Fv2%2Fproduct_cat&post=44497"},{"taxonomy":"product_tag","embeddable":true,"href":"https:\/\/www.tc26-bijoux.com\/index.php?rest_route=%2Fwp%2Fv2%2Fproduct_tag&post=44497"}],"curies":[{"name":"wp","href":"https:\/\/api.w.org\/{rel}","templated":true}]}}