{"id":44645,"date":"2025-03-12T02:37:26","date_gmt":"2025-03-12T01:37:26","guid":{"rendered":"https:\/\/www.tc26-bijoux.com\/?post_type=product&#038;p=44645"},"modified":"2025-03-21T13:51:19","modified_gmt":"2025-03-21T12:51:19","slug":"bague-diamants-alyose-2","status":"publish","type":"product","link":"https:\/\/www.tc26-bijoux.com\/?product=bague-diamants-alyose-2","title":{"rendered":"Bague Diamants Alyose"},"content":{"rendered":"<p>La bague \u00ab\u00a0Alyose\u00a0\u00bb est un v\u00e9ritable chef-d&rsquo;\u0153uvre en or 18 carats, avec une finition or rose qui lui conf\u00e8re une touche de f\u00e9minit\u00e9 et d&rsquo;\u00e9l\u00e9gance.Orn\u00e9e de diamants scintillants de couleur G, d&rsquo;une puret\u00e9 VS, cette bague brille de mille feux et ajoute une note de glamour \u00e0 votre style.<\/p>\n","protected":false},"excerpt":{"rendered":"<p>La bague \u00ab\u00a0Alyose\u00a0\u00bb est un v\u00e9ritable chef-d&rsquo;\u0153uvre en or 18 carats, avec une finition or rose qui lui conf\u00e8re une touche de f\u00e9minit\u00e9 et d&rsquo;\u00e9l\u00e9gance.Orn\u00e9e de<span class=\"excerpt-hellip\"> [\u2026]<\/span><\/p>\n","protected":false},"featured_media":7771,"template":"","meta":{"_seopress_robots_primary_cat":"","_seopress_titles_title":"","_seopress_titles_desc":"","_seopress_robots_index":"","_seopress_analysis_target_kw":"","iawp_total_views":1},"product_brand":[],"product_cat":[277],"product_tag":[],"class_list":{"0":"post-44645","1":"product","2":"type-product","3":"status-publish","4":"has-post-thumbnail","6":"product_cat-bagues-diamants-citrines","8":"first","9":"instock","10":"shipping-taxable","11":"purchasable","12":"product-type-variable"},"_links":{"self":[{"href":"https:\/\/www.tc26-bijoux.com\/index.php?rest_route=\/wp\/v2\/product\/44645","targetHints":{"allow":["GET"]}}],"collection":[{"href":"https:\/\/www.tc26-bijoux.com\/index.php?rest_route=\/wp\/v2\/product"}],"about":[{"href":"https:\/\/www.tc26-bijoux.com\/index.php?rest_route=\/wp\/v2\/types\/product"}],"wp:featuredmedia":[{"embeddable":true,"href":"https:\/\/www.tc26-bijoux.com\/index.php?rest_route=\/wp\/v2\/media\/7771"}],"wp:attachment":[{"href":"https:\/\/www.tc26-bijoux.com\/index.php?rest_route=%2Fwp%2Fv2%2Fmedia&parent=44645"}],"wp:term":[{"taxonomy":"product_brand","embeddable":true,"href":"https:\/\/www.tc26-bijoux.com\/index.php?rest_route=%2Fwp%2Fv2%2Fproduct_brand&post=44645"},{"taxonomy":"product_cat","embeddable":true,"href":"https:\/\/www.tc26-bijoux.com\/index.php?rest_route=%2Fwp%2Fv2%2Fproduct_cat&post=44645"},{"taxonomy":"product_tag","embeddable":true,"href":"https:\/\/www.tc26-bijoux.com\/index.php?rest_route=%2Fwp%2Fv2%2Fproduct_tag&post=44645"}],"curies":[{"name":"wp","href":"https:\/\/api.w.org\/{rel}","templated":true}]}}