{"id":44754,"date":"2025-03-12T02:38:06","date_gmt":"2025-03-12T01:38:06","guid":{"rendered":"https:\/\/www.tc26-bijoux.com\/?post_type=product&#038;p=44754"},"modified":"2025-03-21T13:51:22","modified_gmt":"2025-03-21T12:51:22","slug":"bague-diamants-amanie-2","status":"publish","type":"product","link":"https:\/\/www.tc26-bijoux.com\/?product=bague-diamants-amanie-2","title":{"rendered":"Bague Diamants Amanie"},"content":{"rendered":"<p>D\u00e9couvrez la bague \u00ab\u00a0Amanie\u00a0\u00bb, une cr\u00e9ation en or 18 carats au coloris rose, magnifiquement sertie de diamants scintillants d&rsquo;une puret\u00e9 VS et d&rsquo;une couleur G.Les 1,20 carats de diamants apportent une brillance \u00e9blouissante \u00e0 cette bague, cr\u00e9ant un effet saisissant et captivant.<\/p>\n","protected":false},"excerpt":{"rendered":"<p>D\u00e9couvrez la bague \u00ab\u00a0Amanie\u00a0\u00bb, une cr\u00e9ation en or 18 carats au coloris rose, magnifiquement sertie de diamants scintillants d&rsquo;une puret\u00e9 VS et d&rsquo;une couleur G.Les 1,20<span class=\"excerpt-hellip\"> [\u2026]<\/span><\/p>\n","protected":false},"featured_media":7802,"template":"","meta":{"_seopress_robots_primary_cat":"","_seopress_titles_title":"","_seopress_titles_desc":"","_seopress_robots_index":"","_seopress_analysis_target_kw":"","iawp_total_views":1},"product_brand":[],"product_cat":[277],"product_tag":[],"class_list":{"0":"post-44754","1":"product","2":"type-product","3":"status-publish","4":"has-post-thumbnail","6":"product_cat-bagues-diamants-citrines","8":"first","9":"instock","10":"shipping-taxable","11":"purchasable","12":"product-type-variable"},"_links":{"self":[{"href":"https:\/\/www.tc26-bijoux.com\/index.php?rest_route=\/wp\/v2\/product\/44754","targetHints":{"allow":["GET"]}}],"collection":[{"href":"https:\/\/www.tc26-bijoux.com\/index.php?rest_route=\/wp\/v2\/product"}],"about":[{"href":"https:\/\/www.tc26-bijoux.com\/index.php?rest_route=\/wp\/v2\/types\/product"}],"wp:featuredmedia":[{"embeddable":true,"href":"https:\/\/www.tc26-bijoux.com\/index.php?rest_route=\/wp\/v2\/media\/7802"}],"wp:attachment":[{"href":"https:\/\/www.tc26-bijoux.com\/index.php?rest_route=%2Fwp%2Fv2%2Fmedia&parent=44754"}],"wp:term":[{"taxonomy":"product_brand","embeddable":true,"href":"https:\/\/www.tc26-bijoux.com\/index.php?rest_route=%2Fwp%2Fv2%2Fproduct_brand&post=44754"},{"taxonomy":"product_cat","embeddable":true,"href":"https:\/\/www.tc26-bijoux.com\/index.php?rest_route=%2Fwp%2Fv2%2Fproduct_cat&post=44754"},{"taxonomy":"product_tag","embeddable":true,"href":"https:\/\/www.tc26-bijoux.com\/index.php?rest_route=%2Fwp%2Fv2%2Fproduct_tag&post=44754"}],"curies":[{"name":"wp","href":"https:\/\/api.w.org\/{rel}","templated":true}]}}