{"id":44791,"date":"2025-03-12T02:38:16","date_gmt":"2025-03-12T01:38:16","guid":{"rendered":"https:\/\/www.tc26-bijoux.com\/?post_type=product&#038;p=44791"},"modified":"2025-03-21T13:51:40","modified_gmt":"2025-03-21T12:51:40","slug":"bague-diamants-amber-2","status":"publish","type":"product","link":"https:\/\/www.tc26-bijoux.com\/?product=bague-diamants-amber-2","title":{"rendered":"Bague Diamants Amber"},"content":{"rendered":"<p>La bague Amber en or 18 carats est un bijou magnifique. Son or est de couleur rose, ajoutant une touche de d\u00e9licatesse et de f\u00e9minit\u00e9. Cette bague est orn\u00e9e de diamants de couleur G et de puret\u00e9 VS, qui apportent une brillance \u00e9clatante. La pierre principale de cette bague est une citrine, d&rsquo;un poids total de 10.36 carats, ajoutant une belle couleur et une touche de sophistication. Les diamants ont un poids total de 0.64 carats, compl\u00e9tant parfaitement le design de la bague. Avec une dimension de 18.5 mm, cette bague est un choix \u00e9l\u00e9gant et remarquable.<\/p>\n","protected":false},"excerpt":{"rendered":"<p>La bague Amber en or 18 carats est un bijou magnifique. Son or est de couleur rose, ajoutant une touche de d\u00e9licatesse et de f\u00e9minit\u00e9. Cette<span class=\"excerpt-hellip\"> [\u2026]<\/span><\/p>\n","protected":false},"featured_media":8019,"template":"","meta":{"_seopress_robots_primary_cat":"","_seopress_titles_title":"","_seopress_titles_desc":"","_seopress_robots_index":"","_seopress_analysis_target_kw":"","iawp_total_views":4},"product_brand":[],"product_cat":[277],"product_tag":[],"class_list":{"0":"post-44791","1":"product","2":"type-product","3":"status-publish","4":"has-post-thumbnail","6":"product_cat-bagues-diamants-citrines","8":"first","9":"instock","10":"shipping-taxable","11":"purchasable","12":"product-type-variable"},"_links":{"self":[{"href":"https:\/\/www.tc26-bijoux.com\/index.php?rest_route=\/wp\/v2\/product\/44791","targetHints":{"allow":["GET"]}}],"collection":[{"href":"https:\/\/www.tc26-bijoux.com\/index.php?rest_route=\/wp\/v2\/product"}],"about":[{"href":"https:\/\/www.tc26-bijoux.com\/index.php?rest_route=\/wp\/v2\/types\/product"}],"wp:featuredmedia":[{"embeddable":true,"href":"https:\/\/www.tc26-bijoux.com\/index.php?rest_route=\/wp\/v2\/media\/8019"}],"wp:attachment":[{"href":"https:\/\/www.tc26-bijoux.com\/index.php?rest_route=%2Fwp%2Fv2%2Fmedia&parent=44791"}],"wp:term":[{"taxonomy":"product_brand","embeddable":true,"href":"https:\/\/www.tc26-bijoux.com\/index.php?rest_route=%2Fwp%2Fv2%2Fproduct_brand&post=44791"},{"taxonomy":"product_cat","embeddable":true,"href":"https:\/\/www.tc26-bijoux.com\/index.php?rest_route=%2Fwp%2Fv2%2Fproduct_cat&post=44791"},{"taxonomy":"product_tag","embeddable":true,"href":"https:\/\/www.tc26-bijoux.com\/index.php?rest_route=%2Fwp%2Fv2%2Fproduct_tag&post=44791"}],"curies":[{"name":"wp","href":"https:\/\/api.w.org\/{rel}","templated":true}]}}