{"id":44900,"date":"2025-03-12T02:38:51","date_gmt":"2025-03-12T01:38:51","guid":{"rendered":"https:\/\/www.tc26-bijoux.com\/?post_type=product&#038;p=44900"},"modified":"2025-03-21T13:51:45","modified_gmt":"2025-03-21T12:51:45","slug":"bague-or-diamants-anastasei-2","status":"publish","type":"product","link":"https:\/\/www.tc26-bijoux.com\/?product=bague-or-diamants-anastasei-2","title":{"rendered":"Bague Or Diamants Anastasei"},"content":{"rendered":"<p>La bague Anastasei est r\u00e9alis\u00e9e en or 18 carats avec un or de couleur rose. Elle est sertie de diamants de couleur G, d&rsquo;une puret\u00e9 VS, et d&rsquo;une pierre principale en citrine. Les diamants ont un poids total de 0,73 carats, tandis que la pierre principale p\u00e8se 17,16 carats. Les dimensions de la bague sont de 16,7&#215;20,2 mm, avec une largeur de bande de 2,3 mm. Cette bague est un superbe m\u00e9lange d&rsquo;\u00e9l\u00e9gance et de sophistication.<\/p>\n","protected":false},"excerpt":{"rendered":"<p>La bague Anastasei est r\u00e9alis\u00e9e en or 18 carats avec un or de couleur rose. Elle est sertie de diamants de couleur G, d&rsquo;une puret\u00e9 VS,<span class=\"excerpt-hellip\"> [\u2026]<\/span><\/p>\n","protected":false},"featured_media":8142,"template":"","meta":{"_seopress_robots_primary_cat":"","_seopress_titles_title":"","_seopress_titles_desc":"","_seopress_robots_index":"","_seopress_analysis_target_kw":"","iawp_total_views":4},"product_brand":[],"product_cat":[277],"product_tag":[],"class_list":{"0":"post-44900","1":"product","2":"type-product","3":"status-publish","4":"has-post-thumbnail","6":"product_cat-bagues-diamants-citrines","8":"first","9":"instock","10":"shipping-taxable","11":"purchasable","12":"product-type-variable"},"_links":{"self":[{"href":"https:\/\/www.tc26-bijoux.com\/index.php?rest_route=\/wp\/v2\/product\/44900","targetHints":{"allow":["GET"]}}],"collection":[{"href":"https:\/\/www.tc26-bijoux.com\/index.php?rest_route=\/wp\/v2\/product"}],"about":[{"href":"https:\/\/www.tc26-bijoux.com\/index.php?rest_route=\/wp\/v2\/types\/product"}],"wp:featuredmedia":[{"embeddable":true,"href":"https:\/\/www.tc26-bijoux.com\/index.php?rest_route=\/wp\/v2\/media\/8142"}],"wp:attachment":[{"href":"https:\/\/www.tc26-bijoux.com\/index.php?rest_route=%2Fwp%2Fv2%2Fmedia&parent=44900"}],"wp:term":[{"taxonomy":"product_brand","embeddable":true,"href":"https:\/\/www.tc26-bijoux.com\/index.php?rest_route=%2Fwp%2Fv2%2Fproduct_brand&post=44900"},{"taxonomy":"product_cat","embeddable":true,"href":"https:\/\/www.tc26-bijoux.com\/index.php?rest_route=%2Fwp%2Fv2%2Fproduct_cat&post=44900"},{"taxonomy":"product_tag","embeddable":true,"href":"https:\/\/www.tc26-bijoux.com\/index.php?rest_route=%2Fwp%2Fv2%2Fproduct_tag&post=44900"}],"curies":[{"name":"wp","href":"https:\/\/api.w.org\/{rel}","templated":true}]}}