{"id":44974,"date":"2025-03-12T02:39:18","date_gmt":"2025-03-12T01:39:18","guid":{"rendered":"https:\/\/www.tc26-bijoux.com\/?post_type=product&#038;p=44974"},"modified":"2025-03-21T13:51:53","modified_gmt":"2025-03-21T12:51:53","slug":"bague-diamants-amarylis-2","status":"publish","type":"product","link":"https:\/\/www.tc26-bijoux.com\/?product=bague-diamants-amarylis-2","title":{"rendered":"Bague Diamants Amarylis"},"content":{"rendered":"<p>D\u00e9couvrez la bague \u00ab\u00a0Amarylis\u00a0\u00bb, un bijou en or 18 carats au coloris rose, sublim\u00e9 par des diamants d&rsquo;une puret\u00e9 VS et d&rsquo;une couleur G.La pierre principale de cette bague est une magnifique citrine, ajoutant une touche de couleur et de chaleur \u00e0 l&rsquo;ensemble.Avec un poids total de 1,64 carats de diamants, cette bague scintille de mille feux, attirant tous les regards vers votre main.Les dimensions de 17,6&#215;22 mm conf\u00e8rent \u00e0 cette bague une pr\u00e9sence remarquable, mettant en valeur la beaut\u00e9 de la pierre principale et des diamants qui l&rsquo;entourent.Laissez-vous s\u00e9duire par la splendeur et l&rsquo;\u00e9l\u00e9gance de la bague \u00ab\u00a0Amarylis\u00a0\u00bb, un bijou qui exprime votre style unique et votre sophistication.<\/p>\n","protected":false},"excerpt":{"rendered":"<p>D\u00e9couvrez la bague \u00ab\u00a0Amarylis\u00a0\u00bb, un bijou en or 18 carats au coloris rose, sublim\u00e9 par des diamants d&rsquo;une puret\u00e9 VS et d&rsquo;une couleur G.La pierre principale<span class=\"excerpt-hellip\"> [\u2026]<\/span><\/p>\n","protected":false},"featured_media":7863,"template":"","meta":{"_seopress_robots_primary_cat":"","_seopress_titles_title":"","_seopress_titles_desc":"","_seopress_robots_index":"","_seopress_analysis_target_kw":"","iawp_total_views":0},"product_brand":[],"product_cat":[277],"product_tag":[],"class_list":{"0":"post-44974","1":"product","2":"type-product","3":"status-publish","4":"has-post-thumbnail","6":"product_cat-bagues-diamants-citrines","8":"first","9":"instock","10":"shipping-taxable","11":"purchasable","12":"product-type-variable"},"_links":{"self":[{"href":"https:\/\/www.tc26-bijoux.com\/index.php?rest_route=\/wp\/v2\/product\/44974","targetHints":{"allow":["GET"]}}],"collection":[{"href":"https:\/\/www.tc26-bijoux.com\/index.php?rest_route=\/wp\/v2\/product"}],"about":[{"href":"https:\/\/www.tc26-bijoux.com\/index.php?rest_route=\/wp\/v2\/types\/product"}],"wp:featuredmedia":[{"embeddable":true,"href":"https:\/\/www.tc26-bijoux.com\/index.php?rest_route=\/wp\/v2\/media\/7863"}],"wp:attachment":[{"href":"https:\/\/www.tc26-bijoux.com\/index.php?rest_route=%2Fwp%2Fv2%2Fmedia&parent=44974"}],"wp:term":[{"taxonomy":"product_brand","embeddable":true,"href":"https:\/\/www.tc26-bijoux.com\/index.php?rest_route=%2Fwp%2Fv2%2Fproduct_brand&post=44974"},{"taxonomy":"product_cat","embeddable":true,"href":"https:\/\/www.tc26-bijoux.com\/index.php?rest_route=%2Fwp%2Fv2%2Fproduct_cat&post=44974"},{"taxonomy":"product_tag","embeddable":true,"href":"https:\/\/www.tc26-bijoux.com\/index.php?rest_route=%2Fwp%2Fv2%2Fproduct_tag&post=44974"}],"curies":[{"name":"wp","href":"https:\/\/api.w.org\/{rel}","templated":true}]}}