{"id":45521,"date":"2025-03-12T02:42:09","date_gmt":"2025-03-12T01:42:09","guid":{"rendered":"https:\/\/www.tc26-bijoux.com\/?post_type=product&#038;p=45521"},"modified":"2025-03-21T13:53:06","modified_gmt":"2025-03-21T12:53:06","slug":"bague-diamants-et-or-18-carats-marilyne","status":"publish","type":"product","link":"https:\/\/www.tc26-bijoux.com\/?product=bague-diamants-et-or-18-carats-marilyne","title":{"rendered":"Bague Diamants et Or 18 Carats Marilyne"},"content":{"rendered":"<p>La bague Diamants et Or 18 Carats Marilyne est une pi\u00e8ce impressionnante et \u00e9l\u00e9gante. Elle met en valeur un saphir d&rsquo;une taille exceptionnelle de 6,68 carats, qui est la pi\u00e8ce centrale de cette bague. Les deux c\u00f4t\u00e9s de la bague sont orn\u00e9s de deux petits diamants en forme ovale, qui ajoutent une touche suppl\u00e9mentaire de brillance. Au centre, un grand ovale de saphir attire l&rsquo;attention et cr\u00e9e un point focal captivant. Le caratage total des diamants est de 7,80 carats, garantissant un \u00e9clat scintillant et une luminosit\u00e9 remarquable. Fabriqu\u00e9e en or 18 carats, cette bague offre une qualit\u00e9 sup\u00e9rieure et une finition luxueuse. La combinaison du saphir et des diamants dans un design ovale conf\u00e8re \u00e0 cette bague une \u00e9l\u00e9gance intemporelle et une allure majestueuse.<\/p>\n","protected":false},"excerpt":{"rendered":"<p>Mati\u00e8re\u00a0: Or 18 Carats<\/p>\n<p>Couleur m\u00e9tal\u00a0: Blanc\u00a0<\/p>\n<p>Couleur de pierre :\u00a0\u00a0Saphir 6.68\u00a0cts<\/p>\n<p>Nature de\u00a0la \u00a0Pierres\u00a0: Diamants\u00a0<\/p>\n<p>Caratage Total :7.80<\/p>\n<p>Puret\u00e9 \u00a0Diamants\u00a0: GVS\u00a0<\/p>\n<p>R\u00e9f\u00e9rence\u00a0:SL7861<\/p>\n","protected":false},"featured_media":10834,"template":"","meta":{"_seopress_robots_primary_cat":"","_seopress_titles_title":"","_seopress_titles_desc":"","_seopress_robots_index":"","_seopress_analysis_target_kw":"","iawp_total_views":0},"product_brand":[],"product_cat":[88],"product_tag":[],"class_list":{"0":"post-45521","1":"product","2":"type-product","3":"status-publish","4":"has-post-thumbnail","6":"product_cat-bagues-pierres-precieuses","8":"first","9":"instock","10":"shipping-taxable","11":"purchasable","12":"product-type-variable"},"_links":{"self":[{"href":"https:\/\/www.tc26-bijoux.com\/index.php?rest_route=\/wp\/v2\/product\/45521","targetHints":{"allow":["GET"]}}],"collection":[{"href":"https:\/\/www.tc26-bijoux.com\/index.php?rest_route=\/wp\/v2\/product"}],"about":[{"href":"https:\/\/www.tc26-bijoux.com\/index.php?rest_route=\/wp\/v2\/types\/product"}],"wp:featuredmedia":[{"embeddable":true,"href":"https:\/\/www.tc26-bijoux.com\/index.php?rest_route=\/wp\/v2\/media\/10834"}],"wp:attachment":[{"href":"https:\/\/www.tc26-bijoux.com\/index.php?rest_route=%2Fwp%2Fv2%2Fmedia&parent=45521"}],"wp:term":[{"taxonomy":"product_brand","embeddable":true,"href":"https:\/\/www.tc26-bijoux.com\/index.php?rest_route=%2Fwp%2Fv2%2Fproduct_brand&post=45521"},{"taxonomy":"product_cat","embeddable":true,"href":"https:\/\/www.tc26-bijoux.com\/index.php?rest_route=%2Fwp%2Fv2%2Fproduct_cat&post=45521"},{"taxonomy":"product_tag","embeddable":true,"href":"https:\/\/www.tc26-bijoux.com\/index.php?rest_route=%2Fwp%2Fv2%2Fproduct_tag&post=45521"}],"curies":[{"name":"wp","href":"https:\/\/api.w.org\/{rel}","templated":true}]}}