{"id":45666,"date":"2025-03-12T02:42:57","date_gmt":"2025-03-12T01:42:57","guid":{"rendered":"https:\/\/www.tc26-bijoux.com\/?post_type=product&#038;p=45666"},"modified":"2025-03-21T13:53:20","modified_gmt":"2025-03-21T12:53:20","slug":"bague-or-18-carats-et-diamants-nina","status":"publish","type":"product","link":"https:\/\/www.tc26-bijoux.com\/?product=bague-or-18-carats-et-diamants-nina","title":{"rendered":"Bague Or 18 Carats et Diamants Nina"},"content":{"rendered":"<p>La bague Nina en or 18 carats et diamants est orn\u00e9e d&rsquo;un magnifique saphir d&rsquo;une couleur intense et captivante, avec un poids de 4.15 carats. Ce saphir ovale est entour\u00e9 de diamants scintillants qui ajoutent une touche de brillance suppl\u00e9mentaire \u00e0 la bague. Le caratage total des diamants est de 0.65 carats, ce qui contribue \u00e0 mettre en valeur la beaut\u00e9 du saphir central. Avec sa forme ovale et son design \u00e9l\u00e9gant, cette bague Nina est un choix raffin\u00e9 et luxueux pour ceux qui appr\u00e9cient les pi\u00e8ces de joaillerie exceptionnelles.<\/p>\n","protected":false},"excerpt":{"rendered":"<p>Mati\u00e8re\u00a0: Or\u00a018 Carats<\/p>\n<p>Couleur m\u00e9tal\u00a0: Blanc\u00a0<\/p>\n<p>Couleur de pierre :\u00a0\u00a0Saphir\u00a04.15\u00a0cts<\/p>\n<p>Nature de\u00a0la \u00a0Pierres\u00a0: Diamants\u00a0<\/p>\n<p>Caratage Total\u00a0: 0.65\u00a0Carats\u00a0<\/p>\n<p>Puret\u00e9 \u00a0Diamants\u00a0: GVS\u00a0<\/p>\n<p>R\u00e9f\u00e9rence\u00a0: SL7487<\/p>\n","protected":false},"featured_media":9817,"template":"","meta":{"_seopress_robots_primary_cat":"","_seopress_titles_title":"","_seopress_titles_desc":"","_seopress_robots_index":"","_seopress_analysis_target_kw":"","iawp_total_views":2},"product_brand":[],"product_cat":[88],"product_tag":[],"class_list":{"0":"post-45666","1":"product","2":"type-product","3":"status-publish","4":"has-post-thumbnail","6":"product_cat-bagues-pierres-precieuses","8":"first","9":"instock","10":"shipping-taxable","11":"purchasable","12":"product-type-variable"},"_links":{"self":[{"href":"https:\/\/www.tc26-bijoux.com\/index.php?rest_route=\/wp\/v2\/product\/45666","targetHints":{"allow":["GET"]}}],"collection":[{"href":"https:\/\/www.tc26-bijoux.com\/index.php?rest_route=\/wp\/v2\/product"}],"about":[{"href":"https:\/\/www.tc26-bijoux.com\/index.php?rest_route=\/wp\/v2\/types\/product"}],"wp:featuredmedia":[{"embeddable":true,"href":"https:\/\/www.tc26-bijoux.com\/index.php?rest_route=\/wp\/v2\/media\/9817"}],"wp:attachment":[{"href":"https:\/\/www.tc26-bijoux.com\/index.php?rest_route=%2Fwp%2Fv2%2Fmedia&parent=45666"}],"wp:term":[{"taxonomy":"product_brand","embeddable":true,"href":"https:\/\/www.tc26-bijoux.com\/index.php?rest_route=%2Fwp%2Fv2%2Fproduct_brand&post=45666"},{"taxonomy":"product_cat","embeddable":true,"href":"https:\/\/www.tc26-bijoux.com\/index.php?rest_route=%2Fwp%2Fv2%2Fproduct_cat&post=45666"},{"taxonomy":"product_tag","embeddable":true,"href":"https:\/\/www.tc26-bijoux.com\/index.php?rest_route=%2Fwp%2Fv2%2Fproduct_tag&post=45666"}],"curies":[{"name":"wp","href":"https:\/\/api.w.org\/{rel}","templated":true}]}}