{"id":47627,"date":"2025-03-12T02:53:33","date_gmt":"2025-03-12T01:53:33","guid":{"rendered":"https:\/\/www.tc26-bijoux.com\/?post_type=product&#038;p=47627"},"modified":"2025-03-21T13:56:54","modified_gmt":"2025-03-21T12:56:54","slug":"bague-or-18-carats-et-diamants-ysabel","status":"publish","type":"product","link":"https:\/\/www.tc26-bijoux.com\/?product=bague-or-18-carats-et-diamants-ysabel","title":{"rendered":"Bague Or 18 Carats et Diamants Ysabel"},"content":{"rendered":"<p>La bague Ysabel en or 18 carats et diamants est un bijou d&rsquo;une beaut\u00e9 intemporelle. Elle met en valeur un saphir d&rsquo;une couleur captivante, pesant 0.50 carats, qui est le v\u00e9ritable protagoniste de cette pi\u00e8ce. Les diamants qui l&rsquo;accompagnent, d&rsquo;un caratage total de 0.18 carats, ajoutent une touche suppl\u00e9mentaire d&rsquo;\u00e9clat et de sophistication. La forme ronde des diamants conf\u00e8re \u00e0 la bague Ysabel une allure classique et harmonieuse. Port\u00e9e au doigt, cette bague ne manquera pas d&rsquo;attirer les regards et de faire resplendir votre style. Que ce soit pour c\u00e9l\u00e9brer une occasion sp\u00e9ciale ou simplement pour vous faire plaisir, la bague Ysabel est le choix id\u00e9al pour exprimer votre \u00e9l\u00e9gance et votre amour des pierres pr\u00e9cieuses.<\/p>\n","protected":false},"excerpt":{"rendered":"<p>Mati\u00e8re\u00a0: Or 18 Carats<\/p>\n<p>Couleur m\u00e9tal\u00a0: Blanc\u00a0<\/p>\n<p>Couleur de pierre :\u00a0\u00a0Saphir\u00a0 0.50 cts<\/p>\n<p>Nature de\u00a0la \u00a0Pierres\u00a0: Diamants\u00a0<\/p>\n<p>Caratage Total\u00a0: 0.18\u00a0Carats\u00a0<\/p>\n<p>Puret\u00e9 \u00a0Diamants\u00a0: GVS\u00a0<\/p>\n<p>R\u00e9f\u00e9rence\u00a0: BJR0254<\/p>\n","protected":false},"featured_media":9109,"template":"","meta":{"_seopress_robots_primary_cat":"","_seopress_titles_title":"","_seopress_titles_desc":"","_seopress_robots_index":"","_seopress_analysis_target_kw":"","iawp_total_views":0},"product_brand":[],"product_cat":[88],"product_tag":[],"class_list":{"0":"post-47627","1":"product","2":"type-product","3":"status-publish","4":"has-post-thumbnail","6":"product_cat-bagues-pierres-precieuses","8":"first","9":"instock","10":"shipping-taxable","11":"purchasable","12":"product-type-variable"},"_links":{"self":[{"href":"https:\/\/www.tc26-bijoux.com\/index.php?rest_route=\/wp\/v2\/product\/47627","targetHints":{"allow":["GET"]}}],"collection":[{"href":"https:\/\/www.tc26-bijoux.com\/index.php?rest_route=\/wp\/v2\/product"}],"about":[{"href":"https:\/\/www.tc26-bijoux.com\/index.php?rest_route=\/wp\/v2\/types\/product"}],"wp:featuredmedia":[{"embeddable":true,"href":"https:\/\/www.tc26-bijoux.com\/index.php?rest_route=\/wp\/v2\/media\/9109"}],"wp:attachment":[{"href":"https:\/\/www.tc26-bijoux.com\/index.php?rest_route=%2Fwp%2Fv2%2Fmedia&parent=47627"}],"wp:term":[{"taxonomy":"product_brand","embeddable":true,"href":"https:\/\/www.tc26-bijoux.com\/index.php?rest_route=%2Fwp%2Fv2%2Fproduct_brand&post=47627"},{"taxonomy":"product_cat","embeddable":true,"href":"https:\/\/www.tc26-bijoux.com\/index.php?rest_route=%2Fwp%2Fv2%2Fproduct_cat&post=47627"},{"taxonomy":"product_tag","embeddable":true,"href":"https:\/\/www.tc26-bijoux.com\/index.php?rest_route=%2Fwp%2Fv2%2Fproduct_tag&post=47627"}],"curies":[{"name":"wp","href":"https:\/\/api.w.org\/{rel}","templated":true}]}}