{"id":49698,"date":"2025-03-12T03:05:49","date_gmt":"2025-03-12T02:05:49","guid":{"rendered":"https:\/\/www.tc26-bijoux.com\/?post_type=product&#038;p=49698"},"modified":"2025-03-21T14:00:17","modified_gmt":"2025-03-21T13:00:17","slug":"bague-or-18-carats-et-diamants-valentine-2","status":"publish","type":"product","link":"https:\/\/www.tc26-bijoux.com\/?product=bague-or-18-carats-et-diamants-valentine-2","title":{"rendered":"Bague Or 18 Carats et Diamants Valentine"},"content":{"rendered":"<p>La bague Valentine en or 18 carats est une pi\u00e8ce d&rsquo;une rare \u00e9l\u00e9gance. Elle met en valeur un saphir d&rsquo;une couleur captivante de 0.40 carats, taill\u00e9 en forme de poire, entour\u00e9 de diamants d&rsquo;un total de 0.10 carats. Les diamants ajoutent une touche de scintillement et d&rsquo;\u00e9clat \u00e0 cette bague d\u00e9j\u00e0 magnifique. Avec son design intemporel et sa combinaison de saphir et de diamants, la bague Valentine est le choix id\u00e9al pour exprimer votre amour et votre style unique. Portez cette bague avec fiert\u00e9 et laissez-la briller au doigt de celle qui la porte.<\/p>\n","protected":false},"excerpt":{"rendered":"<p>La bague Valentine en or 18 carats est une pi\u00e8ce d&rsquo;une rare \u00e9l\u00e9gance. Elle met en valeur un saphir d&rsquo;une couleur captivante de 0.40 carats, taill\u00e9<span class=\"excerpt-hellip\"> [\u2026]<\/span><\/p>\n","protected":false},"featured_media":9324,"template":"","meta":{"_seopress_robots_primary_cat":"","_seopress_titles_title":"","_seopress_titles_desc":"","_seopress_robots_index":"","_seopress_analysis_target_kw":"","iawp_total_views":32},"product_brand":[],"product_cat":[88],"product_tag":[],"class_list":{"0":"post-49698","1":"product","2":"type-product","3":"status-publish","4":"has-post-thumbnail","6":"product_cat-bagues-pierres-precieuses","8":"first","9":"instock","10":"shipping-taxable","11":"purchasable","12":"product-type-variable"},"_links":{"self":[{"href":"https:\/\/www.tc26-bijoux.com\/index.php?rest_route=\/wp\/v2\/product\/49698","targetHints":{"allow":["GET"]}}],"collection":[{"href":"https:\/\/www.tc26-bijoux.com\/index.php?rest_route=\/wp\/v2\/product"}],"about":[{"href":"https:\/\/www.tc26-bijoux.com\/index.php?rest_route=\/wp\/v2\/types\/product"}],"wp:featuredmedia":[{"embeddable":true,"href":"https:\/\/www.tc26-bijoux.com\/index.php?rest_route=\/wp\/v2\/media\/9324"}],"wp:attachment":[{"href":"https:\/\/www.tc26-bijoux.com\/index.php?rest_route=%2Fwp%2Fv2%2Fmedia&parent=49698"}],"wp:term":[{"taxonomy":"product_brand","embeddable":true,"href":"https:\/\/www.tc26-bijoux.com\/index.php?rest_route=%2Fwp%2Fv2%2Fproduct_brand&post=49698"},{"taxonomy":"product_cat","embeddable":true,"href":"https:\/\/www.tc26-bijoux.com\/index.php?rest_route=%2Fwp%2Fv2%2Fproduct_cat&post=49698"},{"taxonomy":"product_tag","embeddable":true,"href":"https:\/\/www.tc26-bijoux.com\/index.php?rest_route=%2Fwp%2Fv2%2Fproduct_tag&post=49698"}],"curies":[{"name":"wp","href":"https:\/\/api.w.org\/{rel}","templated":true}]}}