{"id":49807,"date":"2025-03-12T03:06:35","date_gmt":"2025-03-12T02:06:35","guid":{"rendered":"https:\/\/www.tc26-bijoux.com\/?post_type=product&#038;p=49807"},"modified":"2025-03-21T14:00:25","modified_gmt":"2025-03-21T13:00:25","slug":"demie-alliance-diamants-emeraude-eleane-2","status":"publish","type":"product","link":"https:\/\/www.tc26-bijoux.com\/?product=demie-alliance-diamants-emeraude-eleane-2","title":{"rendered":"Demie-Alliance Diamants Emeraude Eleane"},"content":{"rendered":"<p>La demi-alliance en or 18 carats et diamants \u00ab\u00a0Eleane\u00a0\u00bb est un bijou d&rsquo;une grande \u00e9l\u00e9gance et d&rsquo;un style classique. Elle est disponible en deux options de couleur : blanc ou or. Cette demi-alliance est orn\u00e9e de pierres pr\u00e9cieuses de votre choix, que ce soit un saphir, une \u00e9meraude ou un rubis, apportant une touche de couleur vibrante. Les diamants, d&rsquo;un caratage total de 0,55 carat pour chaque option de pierre, ajoutent une brillance \u00e9tincelante \u00e0 l&rsquo;ensemble. Ils pr\u00e9sentent une puret\u00e9 GVS, garantissant leur qualit\u00e9 exceptionnelle. La demi-alliance \u00ab\u00a0Eleane\u00a0\u00bb est un symbole de raffinement et de sophistication, parfait pour c\u00e9l\u00e9brer des moments sp\u00e9ciaux ou pour ajouter une touche de glamour \u00e0 votre quotidien.<\/p>\n","protected":false},"excerpt":{"rendered":"<p>La demi-alliance en or 18 carats et diamants \u00ab\u00a0Eleane\u00a0\u00bb est un bijou d&rsquo;une grande \u00e9l\u00e9gance et d&rsquo;un style classique. Elle est disponible en deux options de<span class=\"excerpt-hellip\"> [\u2026]<\/span><\/p>\n","protected":false},"featured_media":12595,"template":"","meta":{"_seopress_robots_primary_cat":"","_seopress_titles_title":"","_seopress_titles_desc":"","_seopress_robots_index":"","_seopress_analysis_target_kw":"","iawp_total_views":1},"product_brand":[],"product_cat":[88],"product_tag":[],"class_list":{"0":"post-49807","1":"product","2":"type-product","3":"status-publish","4":"has-post-thumbnail","6":"product_cat-bagues-pierres-precieuses","8":"first","9":"instock","10":"shipping-taxable","11":"purchasable","12":"product-type-variable"},"_links":{"self":[{"href":"https:\/\/www.tc26-bijoux.com\/index.php?rest_route=\/wp\/v2\/product\/49807","targetHints":{"allow":["GET"]}}],"collection":[{"href":"https:\/\/www.tc26-bijoux.com\/index.php?rest_route=\/wp\/v2\/product"}],"about":[{"href":"https:\/\/www.tc26-bijoux.com\/index.php?rest_route=\/wp\/v2\/types\/product"}],"wp:featuredmedia":[{"embeddable":true,"href":"https:\/\/www.tc26-bijoux.com\/index.php?rest_route=\/wp\/v2\/media\/12595"}],"wp:attachment":[{"href":"https:\/\/www.tc26-bijoux.com\/index.php?rest_route=%2Fwp%2Fv2%2Fmedia&parent=49807"}],"wp:term":[{"taxonomy":"product_brand","embeddable":true,"href":"https:\/\/www.tc26-bijoux.com\/index.php?rest_route=%2Fwp%2Fv2%2Fproduct_brand&post=49807"},{"taxonomy":"product_cat","embeddable":true,"href":"https:\/\/www.tc26-bijoux.com\/index.php?rest_route=%2Fwp%2Fv2%2Fproduct_cat&post=49807"},{"taxonomy":"product_tag","embeddable":true,"href":"https:\/\/www.tc26-bijoux.com\/index.php?rest_route=%2Fwp%2Fv2%2Fproduct_tag&post=49807"}],"curies":[{"name":"wp","href":"https:\/\/api.w.org\/{rel}","templated":true}]}}