{"id":50243,"date":"2025-03-12T03:09:27","date_gmt":"2025-03-12T02:09:27","guid":{"rendered":"https:\/\/www.tc26-bijoux.com\/?post_type=product&#038;p=50243"},"modified":"2025-03-21T14:01:12","modified_gmt":"2025-03-21T13:01:12","slug":"bague-diamants-saphir-alina","status":"publish","type":"product","link":"https:\/\/www.tc26-bijoux.com\/?product=bague-diamants-saphir-alina","title":{"rendered":"Bague Diamants Saphir Alina"},"content":{"rendered":"<p>D\u00e9couvrez \u00ab\u00a0Alina\u00a0\u00bb, une bague en or 18 carats d&rsquo;une \u00e9l\u00e9gance et d&rsquo;un charme incomparables. Disponible avec des pierres de saphir, de rubis ou d&rsquo;\u00e9meraude, cette bague offre un \u00e9clat color\u00e9 et captivant. Les diamants qui entourent ces pierres ajoutent une touche de brillance suppl\u00e9mentaire.<\/p>\n","protected":false},"excerpt":{"rendered":"<p>D\u00e9couvrez \u00ab\u00a0Alina\u00a0\u00bb, une bague en or 18 carats d&rsquo;une \u00e9l\u00e9gance et d&rsquo;un charme incomparables. Disponible avec des pierres de saphir, de rubis ou d&rsquo;\u00e9meraude, cette bague<span class=\"excerpt-hellip\"> [\u2026]<\/span><\/p>\n","protected":false},"featured_media":11409,"template":"","meta":{"_seopress_robots_primary_cat":"","_seopress_titles_title":"","_seopress_titles_desc":"","_seopress_robots_index":"","_seopress_analysis_target_kw":"","iawp_total_views":0},"product_brand":[],"product_cat":[88],"product_tag":[],"class_list":{"0":"post-50243","1":"product","2":"type-product","3":"status-publish","4":"has-post-thumbnail","6":"product_cat-bagues-pierres-precieuses","8":"first","9":"instock","10":"shipping-taxable","11":"purchasable","12":"product-type-variable"},"_links":{"self":[{"href":"https:\/\/www.tc26-bijoux.com\/index.php?rest_route=\/wp\/v2\/product\/50243","targetHints":{"allow":["GET"]}}],"collection":[{"href":"https:\/\/www.tc26-bijoux.com\/index.php?rest_route=\/wp\/v2\/product"}],"about":[{"href":"https:\/\/www.tc26-bijoux.com\/index.php?rest_route=\/wp\/v2\/types\/product"}],"wp:featuredmedia":[{"embeddable":true,"href":"https:\/\/www.tc26-bijoux.com\/index.php?rest_route=\/wp\/v2\/media\/11409"}],"wp:attachment":[{"href":"https:\/\/www.tc26-bijoux.com\/index.php?rest_route=%2Fwp%2Fv2%2Fmedia&parent=50243"}],"wp:term":[{"taxonomy":"product_brand","embeddable":true,"href":"https:\/\/www.tc26-bijoux.com\/index.php?rest_route=%2Fwp%2Fv2%2Fproduct_brand&post=50243"},{"taxonomy":"product_cat","embeddable":true,"href":"https:\/\/www.tc26-bijoux.com\/index.php?rest_route=%2Fwp%2Fv2%2Fproduct_cat&post=50243"},{"taxonomy":"product_tag","embeddable":true,"href":"https:\/\/www.tc26-bijoux.com\/index.php?rest_route=%2Fwp%2Fv2%2Fproduct_tag&post=50243"}],"curies":[{"name":"wp","href":"https:\/\/api.w.org\/{rel}","templated":true}]}}