{"id":50570,"date":"2025-03-12T03:11:29","date_gmt":"2025-03-12T02:11:29","guid":{"rendered":"https:\/\/www.tc26-bijoux.com\/?post_type=product&#038;p=50570"},"modified":"2025-03-21T14:01:44","modified_gmt":"2025-03-21T13:01:44","slug":"bague-diamants-saphir-gigi-2","status":"publish","type":"product","link":"https:\/\/www.tc26-bijoux.com\/?product=bague-diamants-saphir-gigi-2","title":{"rendered":"Bague Diamants Saphir Gigi"},"content":{"rendered":"<p>La bague Jade Gigi en or 18 carats est orn\u00e9e d&rsquo;un saphir d&rsquo;une couleur blanche d&rsquo;une taille de 0,90 carats. La bague est \u00e9galement accentu\u00e9e par des diamants, avec un caratage total de 0,20 carats. L&rsquo;alliance de l&rsquo;or 18 carats, du saphir et des diamants cr\u00e9e une pi\u00e8ce de joaillerie \u00e9l\u00e9gante et raffin\u00e9e, qui fera briller votre main avec sophistication. La bague Jade Gigi est un choix parfait pour ajouter une touche de luxe et de beaut\u00e9 \u00e0 votre collection de bijoux.<\/p>\n","protected":false},"excerpt":{"rendered":"<p>La bague Jade Gigi en or 18 carats est orn\u00e9e d&rsquo;un saphir d&rsquo;une couleur blanche d&rsquo;une taille de 0,90 carats. La bague est \u00e9galement accentu\u00e9e par<span class=\"excerpt-hellip\"> [\u2026]<\/span><\/p>\n","protected":false},"featured_media":9078,"template":"","meta":{"_seopress_robots_primary_cat":"","_seopress_titles_title":"","_seopress_titles_desc":"","_seopress_robots_index":"","_seopress_analysis_target_kw":"","iawp_total_views":0},"product_brand":[],"product_cat":[88],"product_tag":[],"class_list":{"0":"post-50570","1":"product","2":"type-product","3":"status-publish","4":"has-post-thumbnail","6":"product_cat-bagues-pierres-precieuses","8":"first","9":"instock","10":"shipping-taxable","11":"purchasable","12":"product-type-variable"},"_links":{"self":[{"href":"https:\/\/www.tc26-bijoux.com\/index.php?rest_route=\/wp\/v2\/product\/50570","targetHints":{"allow":["GET"]}}],"collection":[{"href":"https:\/\/www.tc26-bijoux.com\/index.php?rest_route=\/wp\/v2\/product"}],"about":[{"href":"https:\/\/www.tc26-bijoux.com\/index.php?rest_route=\/wp\/v2\/types\/product"}],"wp:featuredmedia":[{"embeddable":true,"href":"https:\/\/www.tc26-bijoux.com\/index.php?rest_route=\/wp\/v2\/media\/9078"}],"wp:attachment":[{"href":"https:\/\/www.tc26-bijoux.com\/index.php?rest_route=%2Fwp%2Fv2%2Fmedia&parent=50570"}],"wp:term":[{"taxonomy":"product_brand","embeddable":true,"href":"https:\/\/www.tc26-bijoux.com\/index.php?rest_route=%2Fwp%2Fv2%2Fproduct_brand&post=50570"},{"taxonomy":"product_cat","embeddable":true,"href":"https:\/\/www.tc26-bijoux.com\/index.php?rest_route=%2Fwp%2Fv2%2Fproduct_cat&post=50570"},{"taxonomy":"product_tag","embeddable":true,"href":"https:\/\/www.tc26-bijoux.com\/index.php?rest_route=%2Fwp%2Fv2%2Fproduct_tag&post=50570"}],"curies":[{"name":"wp","href":"https:\/\/api.w.org\/{rel}","templated":true}]}}