{"id":50679,"date":"2025-03-12T03:12:14","date_gmt":"2025-03-12T02:12:14","guid":{"rendered":"https:\/\/www.tc26-bijoux.com\/?post_type=product&#038;p=50679"},"modified":"2025-03-21T14:01:53","modified_gmt":"2025-03-21T13:01:53","slug":"bague-diamants-saphir-clara-2","status":"publish","type":"product","link":"https:\/\/www.tc26-bijoux.com\/?product=bague-diamants-saphir-clara-2","title":{"rendered":"Bague Diamants Saphir Clara"},"content":{"rendered":"<p>La bague Clara en or 18 carats et diamants est sublim\u00e9e par un saphir d&rsquo;une couleur \u00e9clatante, pesant 0,23 carats. Les diamants, d&rsquo;un caratage total de 0,52 carats, ajoutent une touche de brillance suppl\u00e9mentaire \u00e0 la bague. Les diamants b\u00e9n\u00e9ficient d&rsquo;une puret\u00e9 remarquable class\u00e9e GVS, ce qui garantit leur clart\u00e9 et leur \u00e9clat exceptionnels. Cette combinaison de saphir et de diamants cr\u00e9e une bague \u00e0 la fois \u00e9l\u00e9gante et raffin\u00e9e.<\/p>\n","protected":false},"excerpt":{"rendered":"<p>La bague Clara en or 18 carats et diamants est sublim\u00e9e par un saphir d&rsquo;une couleur \u00e9clatante, pesant 0,23 carats. Les diamants, d&rsquo;un caratage total de<span class=\"excerpt-hellip\"> [\u2026]<\/span><\/p>\n","protected":false},"featured_media":9478,"template":"","meta":{"_seopress_robots_primary_cat":"","_seopress_titles_title":"","_seopress_titles_desc":"","_seopress_robots_index":"","_seopress_analysis_target_kw":"","iawp_total_views":10},"product_brand":[],"product_cat":[88],"product_tag":[],"class_list":{"0":"post-50679","1":"product","2":"type-product","3":"status-publish","4":"has-post-thumbnail","6":"product_cat-bagues-pierres-precieuses","8":"first","9":"instock","10":"shipping-taxable","11":"purchasable","12":"product-type-variable"},"_links":{"self":[{"href":"https:\/\/www.tc26-bijoux.com\/index.php?rest_route=\/wp\/v2\/product\/50679","targetHints":{"allow":["GET"]}}],"collection":[{"href":"https:\/\/www.tc26-bijoux.com\/index.php?rest_route=\/wp\/v2\/product"}],"about":[{"href":"https:\/\/www.tc26-bijoux.com\/index.php?rest_route=\/wp\/v2\/types\/product"}],"wp:featuredmedia":[{"embeddable":true,"href":"https:\/\/www.tc26-bijoux.com\/index.php?rest_route=\/wp\/v2\/media\/9478"}],"wp:attachment":[{"href":"https:\/\/www.tc26-bijoux.com\/index.php?rest_route=%2Fwp%2Fv2%2Fmedia&parent=50679"}],"wp:term":[{"taxonomy":"product_brand","embeddable":true,"href":"https:\/\/www.tc26-bijoux.com\/index.php?rest_route=%2Fwp%2Fv2%2Fproduct_brand&post=50679"},{"taxonomy":"product_cat","embeddable":true,"href":"https:\/\/www.tc26-bijoux.com\/index.php?rest_route=%2Fwp%2Fv2%2Fproduct_cat&post=50679"},{"taxonomy":"product_tag","embeddable":true,"href":"https:\/\/www.tc26-bijoux.com\/index.php?rest_route=%2Fwp%2Fv2%2Fproduct_tag&post=50679"}],"curies":[{"name":"wp","href":"https:\/\/api.w.org\/{rel}","templated":true}]}}