{"id":51006,"date":"2025-03-12T03:14:26","date_gmt":"2025-03-12T02:14:26","guid":{"rendered":"https:\/\/www.tc26-bijoux.com\/?post_type=product&#038;p=51006"},"modified":"2025-03-21T14:02:27","modified_gmt":"2025-03-21T13:02:27","slug":"bague-or-18-carats-et-diamants-paloma-2","status":"publish","type":"product","link":"https:\/\/www.tc26-bijoux.com\/?product=bague-or-18-carats-et-diamants-paloma-2","title":{"rendered":"Bague Or 18 Carats et Diamants Paloma"},"content":{"rendered":"<p>D\u00e9couvrez notre exceptionnel bague de fiancaille en diamants et or 18 carats Ove, dans un \u00e9clatant blanc. Le saphir central, d&rsquo;un poids de 1,05 carat, offre une touche de couleur magnifique et \u00e9l\u00e9gante. Les diamants qui l&rsquo;entourent, d&rsquo;un caratage total de 0,30 carat et d&rsquo;une puret\u00e9 GVS, ajoutent une brillance \u00e9tincelante \u00e0 ce bijou. La bande fine de 2,0 mm compl\u00e8te parfaitement la splendeur de cette pi\u00e8ce, laissant toute l&rsquo;attention se porter sur le saphir et les diamants. Ce solitaire est une v\u00e9ritable d\u00e9claration de style et de sophistication, qui attirera tous les regards avec son \u00e9clat sublime.<\/p>\n","protected":false},"excerpt":{"rendered":"<p>D\u00e9couvrez notre exceptionnel bague de fiancaille en diamants et or 18 carats Ove, dans un \u00e9clatant blanc. Le saphir central, d&rsquo;un poids de 1,05 carat, offre<span class=\"excerpt-hellip\"> [\u2026]<\/span><\/p>\n","protected":false},"featured_media":10249,"template":"","meta":{"_seopress_robots_primary_cat":"","_seopress_titles_title":"","_seopress_titles_desc":"","_seopress_robots_index":"","_seopress_analysis_target_kw":"","iawp_total_views":1},"product_brand":[],"product_cat":[88],"product_tag":[],"class_list":{"0":"post-51006","1":"product","2":"type-product","3":"status-publish","4":"has-post-thumbnail","6":"product_cat-bagues-pierres-precieuses","8":"first","9":"instock","10":"shipping-taxable","11":"purchasable","12":"product-type-variable"},"_links":{"self":[{"href":"https:\/\/www.tc26-bijoux.com\/index.php?rest_route=\/wp\/v2\/product\/51006","targetHints":{"allow":["GET"]}}],"collection":[{"href":"https:\/\/www.tc26-bijoux.com\/index.php?rest_route=\/wp\/v2\/product"}],"about":[{"href":"https:\/\/www.tc26-bijoux.com\/index.php?rest_route=\/wp\/v2\/types\/product"}],"wp:featuredmedia":[{"embeddable":true,"href":"https:\/\/www.tc26-bijoux.com\/index.php?rest_route=\/wp\/v2\/media\/10249"}],"wp:attachment":[{"href":"https:\/\/www.tc26-bijoux.com\/index.php?rest_route=%2Fwp%2Fv2%2Fmedia&parent=51006"}],"wp:term":[{"taxonomy":"product_brand","embeddable":true,"href":"https:\/\/www.tc26-bijoux.com\/index.php?rest_route=%2Fwp%2Fv2%2Fproduct_brand&post=51006"},{"taxonomy":"product_cat","embeddable":true,"href":"https:\/\/www.tc26-bijoux.com\/index.php?rest_route=%2Fwp%2Fv2%2Fproduct_cat&post=51006"},{"taxonomy":"product_tag","embeddable":true,"href":"https:\/\/www.tc26-bijoux.com\/index.php?rest_route=%2Fwp%2Fv2%2Fproduct_tag&post=51006"}],"curies":[{"name":"wp","href":"https:\/\/api.w.org\/{rel}","templated":true}]}}