{"id":51624,"date":"2025-03-12T03:18:39","date_gmt":"2025-03-12T02:18:39","guid":{"rendered":"https:\/\/www.tc26-bijoux.com\/?post_type=product&#038;p=51624"},"modified":"2025-03-21T14:03:24","modified_gmt":"2025-03-21T13:03:24","slug":"bague-diamants-saphir-agatha-2","status":"publish","type":"product","link":"https:\/\/www.tc26-bijoux.com\/?product=bague-diamants-saphir-agatha-2","title":{"rendered":"Bague Diamants Saphir Agatha"},"content":{"rendered":"<p>La bague \u00ab\u00a0Agatha\u00a0\u00bb est un bijou qui allie la beaut\u00e9 classique de l&rsquo;or 18 carats \u00e0 l&rsquo;\u00e9clat \u00e9blouissant des diamants et \u00e0 la richesse vibrante d&rsquo;un saphir. Fabriqu\u00e9e avec soin et attention aux d\u00e9tails, cette bague est un v\u00e9ritable symbole d&rsquo;\u00e9l\u00e9gance et de sophistication.<\/p>\n","protected":false},"excerpt":{"rendered":"<p>La bague \u00ab\u00a0Agatha\u00a0\u00bb est un bijou qui allie la beaut\u00e9 classique de l&rsquo;or 18 carats \u00e0 l&rsquo;\u00e9clat \u00e9blouissant des diamants et \u00e0 la richesse vibrante d&rsquo;un<span class=\"excerpt-hellip\"> [\u2026]<\/span><\/p>\n","protected":false},"featured_media":9386,"template":"","meta":{"_seopress_robots_primary_cat":"","_seopress_titles_title":"","_seopress_titles_desc":"","_seopress_robots_index":"","_seopress_analysis_target_kw":"","iawp_total_views":3},"product_brand":[],"product_cat":[88],"product_tag":[],"class_list":{"0":"post-51624","1":"product","2":"type-product","3":"status-publish","4":"has-post-thumbnail","6":"product_cat-bagues-pierres-precieuses","8":"first","9":"instock","10":"shipping-taxable","11":"purchasable","12":"product-type-variable"},"_links":{"self":[{"href":"https:\/\/www.tc26-bijoux.com\/index.php?rest_route=\/wp\/v2\/product\/51624","targetHints":{"allow":["GET"]}}],"collection":[{"href":"https:\/\/www.tc26-bijoux.com\/index.php?rest_route=\/wp\/v2\/product"}],"about":[{"href":"https:\/\/www.tc26-bijoux.com\/index.php?rest_route=\/wp\/v2\/types\/product"}],"wp:featuredmedia":[{"embeddable":true,"href":"https:\/\/www.tc26-bijoux.com\/index.php?rest_route=\/wp\/v2\/media\/9386"}],"wp:attachment":[{"href":"https:\/\/www.tc26-bijoux.com\/index.php?rest_route=%2Fwp%2Fv2%2Fmedia&parent=51624"}],"wp:term":[{"taxonomy":"product_brand","embeddable":true,"href":"https:\/\/www.tc26-bijoux.com\/index.php?rest_route=%2Fwp%2Fv2%2Fproduct_brand&post=51624"},{"taxonomy":"product_cat","embeddable":true,"href":"https:\/\/www.tc26-bijoux.com\/index.php?rest_route=%2Fwp%2Fv2%2Fproduct_cat&post=51624"},{"taxonomy":"product_tag","embeddable":true,"href":"https:\/\/www.tc26-bijoux.com\/index.php?rest_route=%2Fwp%2Fv2%2Fproduct_tag&post=51624"}],"curies":[{"name":"wp","href":"https:\/\/api.w.org\/{rel}","templated":true}]}}