{"id":52532,"date":"2025-03-12T03:24:35","date_gmt":"2025-03-12T02:24:35","guid":{"rendered":"https:\/\/www.tc26-bijoux.com\/?post_type=product&#038;p=52532"},"modified":"2025-03-21T14:04:54","modified_gmt":"2025-03-21T13:04:54","slug":"bague-diamants-saphir-charlotte-2","status":"publish","type":"product","link":"https:\/\/www.tc26-bijoux.com\/?product=bague-diamants-saphir-charlotte-2","title":{"rendered":"Bague Diamants Saphir Charlotte"},"content":{"rendered":"<p>La bague \u00ab\u00a0Charlotte\u00a0\u00bb en or 18 carats est une pi\u00e8ce de joaillerie exquise. Elle est orn\u00e9e d&rsquo;une pierre pr\u00e9cieuse de votre choix parmi le saphir, le rubis ou l&rsquo;\u00e9meraude, entour\u00e9e de magnifiques diamants. Le caratage total des diamants est de 0,20 carats, et leur puret\u00e9 est de qualit\u00e9 GVS, garantissant leur \u00e9clat et leur beaut\u00e9. Cette bague offre une combinaison parfaite de sophistication et d&rsquo;\u00e9l\u00e9gance, et elle sera un v\u00e9ritable joyau \u00e0 porter \u00e0 votre doigt. Que vous la choisissiez avec un saphir, un rubis ou une \u00e9meraude, cette bague \u00ab\u00a0Charlotte\u00a0\u00bb ajoutera une touche de glamour \u00e0 votre style et attirera tous les regards.<\/p>\n","protected":false},"excerpt":{"rendered":"<p>La bague \u00ab\u00a0Charlotte\u00a0\u00bb en or 18 carats est une pi\u00e8ce de joaillerie exquise. Elle est orn\u00e9e d&rsquo;une pierre pr\u00e9cieuse de votre choix parmi le saphir, le<span class=\"excerpt-hellip\"> [\u2026]<\/span><\/p>\n","protected":false},"featured_media":9016,"template":"","meta":{"_seopress_robots_primary_cat":"","_seopress_titles_title":"","_seopress_titles_desc":"","_seopress_robots_index":"","_seopress_analysis_target_kw":"","iawp_total_views":1},"product_brand":[],"product_cat":[88],"product_tag":[],"class_list":{"0":"post-52532","1":"product","2":"type-product","3":"status-publish","4":"has-post-thumbnail","6":"product_cat-bagues-pierres-precieuses","8":"first","9":"instock","10":"shipping-taxable","11":"purchasable","12":"product-type-variable"},"_links":{"self":[{"href":"https:\/\/www.tc26-bijoux.com\/index.php?rest_route=\/wp\/v2\/product\/52532","targetHints":{"allow":["GET"]}}],"collection":[{"href":"https:\/\/www.tc26-bijoux.com\/index.php?rest_route=\/wp\/v2\/product"}],"about":[{"href":"https:\/\/www.tc26-bijoux.com\/index.php?rest_route=\/wp\/v2\/types\/product"}],"wp:featuredmedia":[{"embeddable":true,"href":"https:\/\/www.tc26-bijoux.com\/index.php?rest_route=\/wp\/v2\/media\/9016"}],"wp:attachment":[{"href":"https:\/\/www.tc26-bijoux.com\/index.php?rest_route=%2Fwp%2Fv2%2Fmedia&parent=52532"}],"wp:term":[{"taxonomy":"product_brand","embeddable":true,"href":"https:\/\/www.tc26-bijoux.com\/index.php?rest_route=%2Fwp%2Fv2%2Fproduct_brand&post=52532"},{"taxonomy":"product_cat","embeddable":true,"href":"https:\/\/www.tc26-bijoux.com\/index.php?rest_route=%2Fwp%2Fv2%2Fproduct_cat&post=52532"},{"taxonomy":"product_tag","embeddable":true,"href":"https:\/\/www.tc26-bijoux.com\/index.php?rest_route=%2Fwp%2Fv2%2Fproduct_tag&post=52532"}],"curies":[{"name":"wp","href":"https:\/\/api.w.org\/{rel}","templated":true}]}}