{"id":53114,"date":"2025-03-12T03:28:22","date_gmt":"2025-03-12T02:28:22","guid":{"rendered":"https:\/\/www.tc26-bijoux.com\/?post_type=product&#038;p=53114"},"modified":"2025-03-21T14:06:00","modified_gmt":"2025-03-21T13:06:00","slug":"bague-diamants-rubis-aliona","status":"publish","type":"product","link":"https:\/\/www.tc26-bijoux.com\/?product=bague-diamants-rubis-aliona","title":{"rendered":"Bague Diamants Rubis Aliona"},"content":{"rendered":"<p>D\u00e9couvrez une v\u00e9ritable pi\u00e8ce d&rsquo;exception avec la bague en or 18 carats \u00ab\u00a0Ruby\u00a0\u00bb. Son blanc immacul\u00e9 cr\u00e9e un contraste magnifique avec la pierre de rubis de 0,65 carat, qui apporte une touche de couleur vibrante et envo\u00fbtante. Les diamants qui l&rsquo;entourent, d&rsquo;un caratage total de 0,75 carat et d&rsquo;une puret\u00e9 GVS, ajoutent une brillance \u00e9tincelante \u00e0 cette cr\u00e9ation.<\/p>\n","protected":false},"excerpt":{"rendered":"<p>Mati\u00e8re\u00a0: Or\u00a018 Carats<\/p>\n<p>Couleur m\u00e9tal\u00a0: Blanc\u00a0<\/p>\n<p>Couleur de pierre :\u00a0\u00a0Rubis\u00a0 0.65\u00a0cts<\/p>\n<p>Nature de\u00a0la \u00a0Pierres\u00a0: Diamants\u00a0<\/p>\n<p>Caratage Total\u00a0: 0.75\u00a0Carats\u00a0<\/p>\n<p>Puret\u00e9 \u00a0Diamants\u00a0: GVS\u00a0<\/p>\n<p>R\u00e9f\u00e9rence\u00a0: DNR1033<\/p>\n","protected":false},"featured_media":11378,"template":"","meta":{"_seopress_robots_primary_cat":"","_seopress_titles_title":"","_seopress_titles_desc":"","_seopress_robots_index":"","_seopress_analysis_target_kw":"","iawp_total_views":1},"product_brand":[],"product_cat":[88],"product_tag":[],"class_list":{"0":"post-53114","1":"product","2":"type-product","3":"status-publish","4":"has-post-thumbnail","6":"product_cat-bagues-pierres-precieuses","8":"first","9":"instock","10":"shipping-taxable","11":"purchasable","12":"product-type-variable"},"_links":{"self":[{"href":"https:\/\/www.tc26-bijoux.com\/index.php?rest_route=\/wp\/v2\/product\/53114","targetHints":{"allow":["GET"]}}],"collection":[{"href":"https:\/\/www.tc26-bijoux.com\/index.php?rest_route=\/wp\/v2\/product"}],"about":[{"href":"https:\/\/www.tc26-bijoux.com\/index.php?rest_route=\/wp\/v2\/types\/product"}],"wp:featuredmedia":[{"embeddable":true,"href":"https:\/\/www.tc26-bijoux.com\/index.php?rest_route=\/wp\/v2\/media\/11378"}],"wp:attachment":[{"href":"https:\/\/www.tc26-bijoux.com\/index.php?rest_route=%2Fwp%2Fv2%2Fmedia&parent=53114"}],"wp:term":[{"taxonomy":"product_brand","embeddable":true,"href":"https:\/\/www.tc26-bijoux.com\/index.php?rest_route=%2Fwp%2Fv2%2Fproduct_brand&post=53114"},{"taxonomy":"product_cat","embeddable":true,"href":"https:\/\/www.tc26-bijoux.com\/index.php?rest_route=%2Fwp%2Fv2%2Fproduct_cat&post=53114"},{"taxonomy":"product_tag","embeddable":true,"href":"https:\/\/www.tc26-bijoux.com\/index.php?rest_route=%2Fwp%2Fv2%2Fproduct_tag&post=53114"}],"curies":[{"name":"wp","href":"https:\/\/api.w.org\/{rel}","templated":true}]}}