{"id":53441,"date":"2025-03-12T03:30:22","date_gmt":"2025-03-12T02:30:22","guid":{"rendered":"https:\/\/www.tc26-bijoux.com\/?post_type=product&#038;p=53441"},"modified":"2025-03-21T14:06:24","modified_gmt":"2025-03-21T13:06:24","slug":"alliance-or-saphir-rainbow-ba","status":"publish","type":"product","link":"https:\/\/www.tc26-bijoux.com\/?product=alliance-or-saphir-rainbow-ba","title":{"rendered":"Alliance Or Saphir Rainbow BA"},"content":{"rendered":"<p>Alliance en or 18 carats est une pi\u00e8ce de joaillerie exceptionnelle. Elle pr\u00e9sente un magnifique saphir d&rsquo;une taille remarquable de 1,93 carats, qui brille de toutes les nuances de l&rsquo;arc-en-ciel. Le saphir est entour\u00e9 de diamants \u00e9tincelants, totalisant 0,76 carat, qui ajoutent une brillance suppl\u00e9mentaire \u00e0 la bague. La combinaison des diamants et du saphir cr\u00e9e un contraste saisissant et met en valeur la beaut\u00e9 de chaque pierre. Fabriqu\u00e9e avec soin et pr\u00e9cision, cette bague en or 18 carats est un v\u00e9ritable bijou de qualit\u00e9. Elle ajoutera une touche de sophistication et d&rsquo;\u00e9clat \u00e0 votre collection de bijoux.<\/p>\n","protected":false},"excerpt":{"rendered":"<p>Matiere :Or 18k<\/p>\n<p>Diamants:\u00a0 0.76 ct<\/p>\n<p>Saphir : 1.93 ct<\/p>\n<p>Poid Or :7.91<\/p>\n","protected":false},"featured_media":14416,"template":"","meta":{"_seopress_robots_primary_cat":"","_seopress_titles_title":"","_seopress_titles_desc":"","_seopress_robots_index":"","_seopress_analysis_target_kw":"","iawp_total_views":11},"product_brand":[],"product_cat":[88],"product_tag":[],"class_list":{"0":"post-53441","1":"product","2":"type-product","3":"status-publish","4":"has-post-thumbnail","6":"product_cat-bagues-pierres-precieuses","8":"first","9":"instock","10":"shipping-taxable","11":"purchasable","12":"product-type-variable"},"_links":{"self":[{"href":"https:\/\/www.tc26-bijoux.com\/index.php?rest_route=\/wp\/v2\/product\/53441","targetHints":{"allow":["GET"]}}],"collection":[{"href":"https:\/\/www.tc26-bijoux.com\/index.php?rest_route=\/wp\/v2\/product"}],"about":[{"href":"https:\/\/www.tc26-bijoux.com\/index.php?rest_route=\/wp\/v2\/types\/product"}],"wp:featuredmedia":[{"embeddable":true,"href":"https:\/\/www.tc26-bijoux.com\/index.php?rest_route=\/wp\/v2\/media\/14416"}],"wp:attachment":[{"href":"https:\/\/www.tc26-bijoux.com\/index.php?rest_route=%2Fwp%2Fv2%2Fmedia&parent=53441"}],"wp:term":[{"taxonomy":"product_brand","embeddable":true,"href":"https:\/\/www.tc26-bijoux.com\/index.php?rest_route=%2Fwp%2Fv2%2Fproduct_brand&post=53441"},{"taxonomy":"product_cat","embeddable":true,"href":"https:\/\/www.tc26-bijoux.com\/index.php?rest_route=%2Fwp%2Fv2%2Fproduct_cat&post=53441"},{"taxonomy":"product_tag","embeddable":true,"href":"https:\/\/www.tc26-bijoux.com\/index.php?rest_route=%2Fwp%2Fv2%2Fproduct_tag&post=53441"}],"curies":[{"name":"wp","href":"https:\/\/api.w.org\/{rel}","templated":true}]}}