{"id":53478,"date":"2025-03-12T03:30:35","date_gmt":"2025-03-12T02:30:35","guid":{"rendered":"https:\/\/www.tc26-bijoux.com\/?post_type=product&#038;p=53478"},"modified":"2025-03-21T14:06:40","modified_gmt":"2025-03-21T13:06:40","slug":"bague-diamants-saphir-kenza","status":"publish","type":"product","link":"https:\/\/www.tc26-bijoux.com\/?product=bague-diamants-saphir-kenza","title":{"rendered":"Bague Diamants Saphir Kenza"},"content":{"rendered":"<p>La bague Kenza est en or 18 carats et est orn\u00e9e de diamants et d&rsquo;un saphir d&rsquo;une taille de 1.25 carats. Les diamants ajoutent une brillance suppl\u00e9mentaire et mettent en valeur la beaut\u00e9 du saphir. La nature des pierres est donc compos\u00e9e \u00e0 la fois de diamants et d&rsquo;un saphir, ce qui cr\u00e9e un contraste visuellement attrayant. La bague Kenza en diamants et or 18 carats avec un saphir de 1.25 carats est un choix \u00e9l\u00e9gant et raffin\u00e9 pour ceux qui appr\u00e9cient la combinaison de diamants et de pierres pr\u00e9cieuses dans leurs bijoux.<\/p>\n","protected":false},"excerpt":{"rendered":"<p>La bague Kenza est en or 18 carats et est orn\u00e9e de diamants et d&rsquo;un saphir d&rsquo;une taille de 1.25 carats. Les diamants ajoutent une brillance<span class=\"excerpt-hellip\"> [\u2026]<\/span><\/p>\n","protected":false},"featured_media":10218,"template":"","meta":{"_seopress_robots_primary_cat":"","_seopress_titles_title":"","_seopress_titles_desc":"","_seopress_robots_index":"","_seopress_analysis_target_kw":"","iawp_total_views":2},"product_brand":[],"product_cat":[88],"product_tag":[],"class_list":{"0":"post-53478","1":"product","2":"type-product","3":"status-publish","4":"has-post-thumbnail","6":"product_cat-bagues-pierres-precieuses","8":"first","9":"instock","10":"shipping-taxable","11":"purchasable","12":"product-type-variable"},"_links":{"self":[{"href":"https:\/\/www.tc26-bijoux.com\/index.php?rest_route=\/wp\/v2\/product\/53478","targetHints":{"allow":["GET"]}}],"collection":[{"href":"https:\/\/www.tc26-bijoux.com\/index.php?rest_route=\/wp\/v2\/product"}],"about":[{"href":"https:\/\/www.tc26-bijoux.com\/index.php?rest_route=\/wp\/v2\/types\/product"}],"wp:featuredmedia":[{"embeddable":true,"href":"https:\/\/www.tc26-bijoux.com\/index.php?rest_route=\/wp\/v2\/media\/10218"}],"wp:attachment":[{"href":"https:\/\/www.tc26-bijoux.com\/index.php?rest_route=%2Fwp%2Fv2%2Fmedia&parent=53478"}],"wp:term":[{"taxonomy":"product_brand","embeddable":true,"href":"https:\/\/www.tc26-bijoux.com\/index.php?rest_route=%2Fwp%2Fv2%2Fproduct_brand&post=53478"},{"taxonomy":"product_cat","embeddable":true,"href":"https:\/\/www.tc26-bijoux.com\/index.php?rest_route=%2Fwp%2Fv2%2Fproduct_cat&post=53478"},{"taxonomy":"product_tag","embeddable":true,"href":"https:\/\/www.tc26-bijoux.com\/index.php?rest_route=%2Fwp%2Fv2%2Fproduct_tag&post=53478"}],"curies":[{"name":"wp","href":"https:\/\/api.w.org\/{rel}","templated":true}]}}