{"id":53951,"date":"2025-03-12T03:33:45","date_gmt":"2025-03-12T02:33:45","guid":{"rendered":"https:\/\/www.tc26-bijoux.com\/?post_type=product&#038;p=53951"},"modified":"2025-03-21T14:07:15","modified_gmt":"2025-03-21T13:07:15","slug":"bague-diamants-emeraude-lina","status":"publish","type":"product","link":"https:\/\/www.tc26-bijoux.com\/?product=bague-diamants-emeraude-lina","title":{"rendered":"Bague Diamants \u00c9meraude Lina"},"content":{"rendered":"<p>La bague Lina est une pi\u00e8ce de haute joaillerie qui incarne le summum de l&rsquo;\u00e9l\u00e9gance et de la finesse. R\u00e9alis\u00e9e avec une pr\u00e9cision m\u00e9ticuleuse en or 18 carats, elle d\u00e9gage une esth\u00e9tique intemporelle d&rsquo;une beaut\u00e9 exceptionnelle. Malgr\u00e9 son poids d\u00e9licat de 4,20 grammes d&rsquo;or, cette bague r\u00e9ussit \u00e0 marier l\u00e9g\u00e8ret\u00e9 et pr\u00e9ciosit\u00e9. L&rsquo;\u00e9meraude d&rsquo;une raret\u00e9 captivante, d&rsquo;un poids de 0,83 carats, tr\u00f4ne majestueusement au centre de la bague, ajoutant une touche de splendeur. Les 0,24 carats de diamants qui l&rsquo;entourent diffusent une lumi\u00e8re subtile mais envo\u00fbtante, cr\u00e9ant un jeu de reflets qui souligne la pr\u00e9ciosit\u00e9 de la pi\u00e8ce. La bague Lina est un t\u00e9moignage de l&rsquo;expertise supr\u00eame en haute joaillerie, con\u00e7ue pour sublimer la gr\u00e2ce naturelle de celle qui la porte, une d\u00e9claration d&rsquo;\u00e9l\u00e9gance et de raffinement, capturant l&rsquo;essence de la beaut\u00e9 intemporelle.<\/p>\n","protected":false},"excerpt":{"rendered":"<p>Mati\u00e8re: Or 18K<\/p>\n<p>Poids Or: 4.20\u00a0gr<\/p>\n<p>Emeraude : 0.83\u00a0Carats<\/p>\n<p>Poids Diamants: 0.24\u00a0Carats<\/p>\n","protected":false},"featured_media":14725,"template":"","meta":{"_seopress_robots_primary_cat":"","_seopress_titles_title":"","_seopress_titles_desc":"","_seopress_robots_index":"","_seopress_analysis_target_kw":"","iawp_total_views":4},"product_brand":[],"product_cat":[88],"product_tag":[],"class_list":{"0":"post-53951","1":"product","2":"type-product","3":"status-publish","4":"has-post-thumbnail","6":"product_cat-bagues-pierres-precieuses","8":"first","9":"instock","10":"shipping-taxable","11":"purchasable","12":"product-type-variable"},"_links":{"self":[{"href":"https:\/\/www.tc26-bijoux.com\/index.php?rest_route=\/wp\/v2\/product\/53951","targetHints":{"allow":["GET"]}}],"collection":[{"href":"https:\/\/www.tc26-bijoux.com\/index.php?rest_route=\/wp\/v2\/product"}],"about":[{"href":"https:\/\/www.tc26-bijoux.com\/index.php?rest_route=\/wp\/v2\/types\/product"}],"wp:featuredmedia":[{"embeddable":true,"href":"https:\/\/www.tc26-bijoux.com\/index.php?rest_route=\/wp\/v2\/media\/14725"}],"wp:attachment":[{"href":"https:\/\/www.tc26-bijoux.com\/index.php?rest_route=%2Fwp%2Fv2%2Fmedia&parent=53951"}],"wp:term":[{"taxonomy":"product_brand","embeddable":true,"href":"https:\/\/www.tc26-bijoux.com\/index.php?rest_route=%2Fwp%2Fv2%2Fproduct_brand&post=53951"},{"taxonomy":"product_cat","embeddable":true,"href":"https:\/\/www.tc26-bijoux.com\/index.php?rest_route=%2Fwp%2Fv2%2Fproduct_cat&post=53951"},{"taxonomy":"product_tag","embeddable":true,"href":"https:\/\/www.tc26-bijoux.com\/index.php?rest_route=%2Fwp%2Fv2%2Fproduct_tag&post=53951"}],"curies":[{"name":"wp","href":"https:\/\/api.w.org\/{rel}","templated":true}]}}