{"id":53989,"date":"2025-03-12T12:00:42","date_gmt":"2025-03-12T11:00:42","guid":{"rendered":"https:\/\/www.tc26-bijoux.com\/?post_type=product&#038;p=53989"},"modified":"2025-04-11T12:51:17","modified_gmt":"2025-04-11T10:51:17","slug":"bracelet-oeil-or-diamants","status":"publish","type":"product","link":"https:\/\/www.tc26-bijoux.com\/?product=bracelet-oeil-or-diamants","title":{"rendered":"Bracelet Oeil Or Diamants"},"content":{"rendered":"<p>le bracelet \u00ab\u00a0\u0152il d&rsquo;Or et Diamants\u00a0\u00bb. Symbole de sophistication et de myst\u00e8re, ce bijou captivant incarne l&rsquo;essence m\u00eame du luxe \u00e0 la fran\u00e7aise. M\u00e9ticuleusement con\u00e7u par nos artisans experts, chaque d\u00e9tail de ce bracelet \u00e9voque l&rsquo;exclusivit\u00e9 et la perfection.<\/p>\n","protected":false},"excerpt":{"rendered":"<p>Or 18K poids: 1.77\u00a0gr<\/p>\n<p>Diamants poids: 0.08\u00a0cts \/ 22 pcs<\/p>\n","protected":false},"featured_media":15135,"template":"","meta":{"_seopress_robots_primary_cat":"","_seopress_titles_title":"","_seopress_titles_desc":"","_seopress_robots_index":"","_seopress_analysis_target_kw":"","iawp_total_views":11},"product_brand":[],"product_cat":[85],"product_tag":[],"class_list":{"0":"post-53989","1":"product","2":"type-product","3":"status-publish","4":"has-post-thumbnail","6":"product_cat-bracelets-chaines-diamants","8":"first","9":"instock","10":"featured","11":"shipping-taxable","12":"purchasable","13":"product-type-variable"},"_links":{"self":[{"href":"https:\/\/www.tc26-bijoux.com\/index.php?rest_route=\/wp\/v2\/product\/53989","targetHints":{"allow":["GET"]}}],"collection":[{"href":"https:\/\/www.tc26-bijoux.com\/index.php?rest_route=\/wp\/v2\/product"}],"about":[{"href":"https:\/\/www.tc26-bijoux.com\/index.php?rest_route=\/wp\/v2\/types\/product"}],"wp:featuredmedia":[{"embeddable":true,"href":"https:\/\/www.tc26-bijoux.com\/index.php?rest_route=\/wp\/v2\/media\/15135"}],"wp:attachment":[{"href":"https:\/\/www.tc26-bijoux.com\/index.php?rest_route=%2Fwp%2Fv2%2Fmedia&parent=53989"}],"wp:term":[{"taxonomy":"product_brand","embeddable":true,"href":"https:\/\/www.tc26-bijoux.com\/index.php?rest_route=%2Fwp%2Fv2%2Fproduct_brand&post=53989"},{"taxonomy":"product_cat","embeddable":true,"href":"https:\/\/www.tc26-bijoux.com\/index.php?rest_route=%2Fwp%2Fv2%2Fproduct_cat&post=53989"},{"taxonomy":"product_tag","embeddable":true,"href":"https:\/\/www.tc26-bijoux.com\/index.php?rest_route=%2Fwp%2Fv2%2Fproduct_tag&post=53989"}],"curies":[{"name":"wp","href":"https:\/\/api.w.org\/{rel}","templated":true}]}}