{"id":54057,"date":"2025-03-12T12:00:58","date_gmt":"2025-03-12T11:00:58","guid":{"rendered":"https:\/\/www.tc26-bijoux.com\/?post_type=product&#038;p=54057"},"modified":"2025-03-21T14:08:46","modified_gmt":"2025-03-21T13:08:46","slug":"bracelet-or-18-carat-et-diamants-seestar","status":"publish","type":"product","link":"https:\/\/www.tc26-bijoux.com\/?product=bracelet-or-18-carat-et-diamants-seestar","title":{"rendered":"Bracelet Or 18 carat et Diamants Seestar"},"content":{"rendered":"<p>Le bracelet Seestar est un magnifique bijou en or 18 carats disponible en couleur blanche, rose ou jaune. Il est orn\u00e9 de diamants d&rsquo;un poids total de 0,25 carats, qui ajoutent une touche d&rsquo;\u00e9clat et de luxe au bracelet. Les diamants utilis\u00e9s sont de couleur G et de puret\u00e9 VS, ce qui garantit leur brillance et leur clart\u00e9. Avec ses dimensions de 14 mm, ce bracelet est un choix \u00e9l\u00e9gant et intemporel qui compl\u00e9tera parfaitement votre tenue.<\/p>\n","protected":false},"excerpt":{"rendered":"<p>Le bracelet Seestar est un magnifique bijou en or 18 carats disponible en couleur blanche, rose ou jaune. Il est orn\u00e9 de diamants d&rsquo;un poids total<span class=\"excerpt-hellip\"> [\u2026]<\/span><\/p>\n","protected":false},"featured_media":1707,"template":"","meta":{"_seopress_robots_primary_cat":"","_seopress_titles_title":"","_seopress_titles_desc":"","_seopress_robots_index":"","_seopress_analysis_target_kw":"","iawp_total_views":7},"product_brand":[],"product_cat":[85],"product_tag":[],"class_list":{"0":"post-54057","1":"product","2":"type-product","3":"status-publish","4":"has-post-thumbnail","6":"product_cat-bracelets-chaines-diamants","8":"first","9":"instock","10":"shipping-taxable","11":"purchasable","12":"product-type-variable"},"_links":{"self":[{"href":"https:\/\/www.tc26-bijoux.com\/index.php?rest_route=\/wp\/v2\/product\/54057","targetHints":{"allow":["GET"]}}],"collection":[{"href":"https:\/\/www.tc26-bijoux.com\/index.php?rest_route=\/wp\/v2\/product"}],"about":[{"href":"https:\/\/www.tc26-bijoux.com\/index.php?rest_route=\/wp\/v2\/types\/product"}],"wp:featuredmedia":[{"embeddable":true,"href":"https:\/\/www.tc26-bijoux.com\/index.php?rest_route=\/wp\/v2\/media\/1707"}],"wp:attachment":[{"href":"https:\/\/www.tc26-bijoux.com\/index.php?rest_route=%2Fwp%2Fv2%2Fmedia&parent=54057"}],"wp:term":[{"taxonomy":"product_brand","embeddable":true,"href":"https:\/\/www.tc26-bijoux.com\/index.php?rest_route=%2Fwp%2Fv2%2Fproduct_brand&post=54057"},{"taxonomy":"product_cat","embeddable":true,"href":"https:\/\/www.tc26-bijoux.com\/index.php?rest_route=%2Fwp%2Fv2%2Fproduct_cat&post=54057"},{"taxonomy":"product_tag","embeddable":true,"href":"https:\/\/www.tc26-bijoux.com\/index.php?rest_route=%2Fwp%2Fv2%2Fproduct_tag&post=54057"}],"curies":[{"name":"wp","href":"https:\/\/api.w.org\/{rel}","templated":true}]}}