{"id":54124,"date":"2025-03-12T12:01:18","date_gmt":"2025-03-12T11:01:18","guid":{"rendered":"https:\/\/www.tc26-bijoux.com\/?post_type=product&#038;p=54124"},"modified":"2025-03-21T14:08:49","modified_gmt":"2025-03-21T13:08:49","slug":"bracelet-diamants-et-or-18-carat-lena-2","status":"publish","type":"product","link":"https:\/\/www.tc26-bijoux.com\/?product=bracelet-diamants-et-or-18-carat-lena-2","title":{"rendered":"Bracelet Diamants et Or 18 carat Lena"},"content":{"rendered":"<p>Le bracelet Lena est un bijou raffin\u00e9 en or 18 carats, orn\u00e9 de diamants d&rsquo;une belle couleur blanche. Chaque diamant a un caratage de 0,07 carats, ajoutant une subtile brillance \u00e0 ce bracelet d\u00e9licat. La cha\u00eene a une longueur de 17 cm, et le bracelet pr\u00e9sente un diam\u00e8tre de 8 mm, offrant un ajustement confortable \u00e0 votre poignet. Les diamants ont une puret\u00e9 GVS, assurant une excellente qualit\u00e9 et une belle clart\u00e9. Le bracelet Lena est le choix id\u00e9al pour ajouter une touche d&rsquo;\u00e9l\u00e9gance et de sophistication \u00e0 votre tenue.<\/p>\n","protected":false},"excerpt":{"rendered":"<p>Le bracelet Lena est un bijou raffin\u00e9 en or 18 carats, orn\u00e9 de diamants d&rsquo;une belle couleur blanche. Chaque diamant a un caratage de 0,07 carats,<span class=\"excerpt-hellip\"> [\u2026]<\/span><\/p>\n","protected":false},"featured_media":13803,"template":"","meta":{"_seopress_robots_primary_cat":"","_seopress_titles_title":"","_seopress_titles_desc":"","_seopress_robots_index":"","_seopress_analysis_target_kw":"","iawp_total_views":1},"product_brand":[],"product_cat":[82],"product_tag":[],"class_list":{"0":"post-54124","1":"product","2":"type-product","3":"status-publish","4":"has-post-thumbnail","6":"product_cat-bracelets-diamants","8":"first","9":"instock","10":"shipping-taxable","11":"purchasable","12":"product-type-variable"},"_links":{"self":[{"href":"https:\/\/www.tc26-bijoux.com\/index.php?rest_route=\/wp\/v2\/product\/54124","targetHints":{"allow":["GET"]}}],"collection":[{"href":"https:\/\/www.tc26-bijoux.com\/index.php?rest_route=\/wp\/v2\/product"}],"about":[{"href":"https:\/\/www.tc26-bijoux.com\/index.php?rest_route=\/wp\/v2\/types\/product"}],"wp:featuredmedia":[{"embeddable":true,"href":"https:\/\/www.tc26-bijoux.com\/index.php?rest_route=\/wp\/v2\/media\/13803"}],"wp:attachment":[{"href":"https:\/\/www.tc26-bijoux.com\/index.php?rest_route=%2Fwp%2Fv2%2Fmedia&parent=54124"}],"wp:term":[{"taxonomy":"product_brand","embeddable":true,"href":"https:\/\/www.tc26-bijoux.com\/index.php?rest_route=%2Fwp%2Fv2%2Fproduct_brand&post=54124"},{"taxonomy":"product_cat","embeddable":true,"href":"https:\/\/www.tc26-bijoux.com\/index.php?rest_route=%2Fwp%2Fv2%2Fproduct_cat&post=54124"},{"taxonomy":"product_tag","embeddable":true,"href":"https:\/\/www.tc26-bijoux.com\/index.php?rest_route=%2Fwp%2Fv2%2Fproduct_tag&post=54124"}],"curies":[{"name":"wp","href":"https:\/\/api.w.org\/{rel}","templated":true}]}}