{"id":54134,"date":"2025-03-12T12:01:24","date_gmt":"2025-03-12T11:01:24","guid":{"rendered":"https:\/\/www.tc26-bijoux.com\/?post_type=product&#038;p=54134"},"modified":"2025-03-21T14:08:49","modified_gmt":"2025-03-21T13:08:49","slug":"bracelet-or-18-carat-et-diamants-adeline-2","status":"publish","type":"product","link":"https:\/\/www.tc26-bijoux.com\/?product=bracelet-or-18-carat-et-diamants-adeline-2","title":{"rendered":"Bracelet Or 18 carat et Diamants Adeline"},"content":{"rendered":"<p>Le bracelet Adeline en or 18 carats et diamants est disponible dans deux options de couleur : Blanc et Rose. Il est orn\u00e9 de diamants d&rsquo;une couleur G et d&rsquo;une puret\u00e9 VS, garantissant un \u00e9clat remarquable et une qualit\u00e9 exceptionnelle. Vous avez le choix entre trois poids diff\u00e9rents pour le diamant central : 0,10 carat, 0,20 carat ou 0,30 carat. Le poids total des diamants varie \u00e9galement, avec des options de 0,15 carat, 0,30 carat ou 0,38 carat. Le bracelet est disponible dans diff\u00e9rentes dimensions : 6 mm, 6,5 mm et 7 mm. Avec son design d\u00e9licat et ses diamants scintillants, le bracelet Adeline est un bijou \u00e9l\u00e9gant qui ajoutera une touche de luxe et de glamour \u00e0 votre poignet.<\/p>\n","protected":false},"excerpt":{"rendered":"<p>Le bracelet Adeline en or 18 carats et diamants est disponible dans deux options de couleur : Blanc et Rose. Il est orn\u00e9 de diamants d&rsquo;une<span class=\"excerpt-hellip\"> [\u2026]<\/span><\/p>\n","protected":false},"featured_media":1732,"template":"","meta":{"_seopress_robots_primary_cat":"","_seopress_titles_title":"","_seopress_titles_desc":"","_seopress_robots_index":"","_seopress_analysis_target_kw":"","iawp_total_views":2},"product_brand":[],"product_cat":[82],"product_tag":[],"class_list":{"0":"post-54134","1":"product","2":"type-product","3":"status-publish","4":"has-post-thumbnail","6":"product_cat-bracelets-diamants","8":"first","9":"instock","10":"shipping-taxable","11":"purchasable","12":"product-type-variable"},"_links":{"self":[{"href":"https:\/\/www.tc26-bijoux.com\/index.php?rest_route=\/wp\/v2\/product\/54134","targetHints":{"allow":["GET"]}}],"collection":[{"href":"https:\/\/www.tc26-bijoux.com\/index.php?rest_route=\/wp\/v2\/product"}],"about":[{"href":"https:\/\/www.tc26-bijoux.com\/index.php?rest_route=\/wp\/v2\/types\/product"}],"wp:featuredmedia":[{"embeddable":true,"href":"https:\/\/www.tc26-bijoux.com\/index.php?rest_route=\/wp\/v2\/media\/1732"}],"wp:attachment":[{"href":"https:\/\/www.tc26-bijoux.com\/index.php?rest_route=%2Fwp%2Fv2%2Fmedia&parent=54134"}],"wp:term":[{"taxonomy":"product_brand","embeddable":true,"href":"https:\/\/www.tc26-bijoux.com\/index.php?rest_route=%2Fwp%2Fv2%2Fproduct_brand&post=54134"},{"taxonomy":"product_cat","embeddable":true,"href":"https:\/\/www.tc26-bijoux.com\/index.php?rest_route=%2Fwp%2Fv2%2Fproduct_cat&post=54134"},{"taxonomy":"product_tag","embeddable":true,"href":"https:\/\/www.tc26-bijoux.com\/index.php?rest_route=%2Fwp%2Fv2%2Fproduct_tag&post=54134"}],"curies":[{"name":"wp","href":"https:\/\/api.w.org\/{rel}","templated":true}]}}