{"id":54145,"date":"2025-03-12T12:01:26","date_gmt":"2025-03-12T11:01:26","guid":{"rendered":"https:\/\/www.tc26-bijoux.com\/?post_type=product&#038;p=54145"},"modified":"2025-03-21T14:08:52","modified_gmt":"2025-03-21T13:08:52","slug":"bracelet-diamants-et-or-18-carat-adele-2","status":"publish","type":"product","link":"https:\/\/www.tc26-bijoux.com\/?product=bracelet-diamants-et-or-18-carat-adele-2","title":{"rendered":"Bracelet Diamants et Or 18 carat Ad\u00e8le"},"content":{"rendered":"<p>Le bracelet Ad\u00e8le en diamants et or 18 carats est disponible dans trois options de couleur : Blanc, Rose et Jaune. Il est orn\u00e9 de diamants d&rsquo;une couleur G et d&rsquo;une puret\u00e9 VS, garantissant un \u00e9clat magnifique et une excellente qualit\u00e9. Le poids total des diamants est de 0,15 carat, et le bracelet a une dimension de 13 mm. Avec son design \u00e9l\u00e9gant et ses diamants scintillants, le bracelet Ad\u00e8le ajoute une touche de luxe et de sophistication \u00e0 votre poignet. Quelle que soit la couleur que vous choisissez, ce bracelet est un bijou intemporel qui compl\u00e9tera parfaitement votre style.<\/p>\n","protected":false},"excerpt":{"rendered":"<p>Le bracelet Ad\u00e8le en diamants et or 18 carats est disponible dans trois options de couleur : Blanc, Rose et Jaune. Il est orn\u00e9 de diamants<span class=\"excerpt-hellip\"> [\u2026]<\/span><\/p>\n","protected":false},"featured_media":1703,"template":"","meta":{"_seopress_robots_primary_cat":"","_seopress_titles_title":"","_seopress_titles_desc":"","_seopress_robots_index":"","_seopress_analysis_target_kw":"","iawp_total_views":4},"product_brand":[],"product_cat":[82],"product_tag":[],"class_list":{"0":"post-54145","1":"product","2":"type-product","3":"status-publish","4":"has-post-thumbnail","6":"product_cat-bracelets-diamants","8":"first","9":"instock","10":"shipping-taxable","11":"purchasable","12":"product-type-variable"},"_links":{"self":[{"href":"https:\/\/www.tc26-bijoux.com\/index.php?rest_route=\/wp\/v2\/product\/54145","targetHints":{"allow":["GET"]}}],"collection":[{"href":"https:\/\/www.tc26-bijoux.com\/index.php?rest_route=\/wp\/v2\/product"}],"about":[{"href":"https:\/\/www.tc26-bijoux.com\/index.php?rest_route=\/wp\/v2\/types\/product"}],"wp:featuredmedia":[{"embeddable":true,"href":"https:\/\/www.tc26-bijoux.com\/index.php?rest_route=\/wp\/v2\/media\/1703"}],"wp:attachment":[{"href":"https:\/\/www.tc26-bijoux.com\/index.php?rest_route=%2Fwp%2Fv2%2Fmedia&parent=54145"}],"wp:term":[{"taxonomy":"product_brand","embeddable":true,"href":"https:\/\/www.tc26-bijoux.com\/index.php?rest_route=%2Fwp%2Fv2%2Fproduct_brand&post=54145"},{"taxonomy":"product_cat","embeddable":true,"href":"https:\/\/www.tc26-bijoux.com\/index.php?rest_route=%2Fwp%2Fv2%2Fproduct_cat&post=54145"},{"taxonomy":"product_tag","embeddable":true,"href":"https:\/\/www.tc26-bijoux.com\/index.php?rest_route=%2Fwp%2Fv2%2Fproduct_tag&post=54145"}],"curies":[{"name":"wp","href":"https:\/\/api.w.org\/{rel}","templated":true}]}}