{"id":54325,"date":"2025-03-12T12:02:16","date_gmt":"2025-03-12T11:02:16","guid":{"rendered":"https:\/\/www.tc26-bijoux.com\/?post_type=product&#038;p=54325"},"modified":"2025-03-21T14:09:05","modified_gmt":"2025-03-21T13:09:05","slug":"bracelet-diamants-et-or-18-carat-magaly","status":"publish","type":"product","link":"https:\/\/www.tc26-bijoux.com\/?product=bracelet-diamants-et-or-18-carat-magaly","title":{"rendered":"Bracelet Diamants et Or 18 carat Magaly"},"content":{"rendered":"<p>Le bracelet Magaly est un bijou en or 18 carats orn\u00e9 de diamants blancs, roses ou jaunes. Les diamants ont un caratage allant de 0,60 \u00e0 3,00 carats, avec une couleur G et une puret\u00e9 VS. Le bracelet a une largeur de 3,0 \u00e0 5,0 mm. Il est \u00e9l\u00e9gant et ajoute une touche de luxe \u00e0 votre poignet.<\/p>\n","protected":false},"excerpt":{"rendered":"<p>Mati\u00e8re : Or 18 carats\u00a0<\/p>\n<p>Couleur m\u00e9tal : Blanc \/ Rose \/ Jaune<\/p>\n<p>Nature des Pierres : Diamants\u00a0<\/p>\n<p>Caratage des Pierres\u00a0\u00a0:0.60\u00a0 \/ 1.00 \/ 1.50 \/ 2.00 \/ 3.00 Carats<\/p>\n<p>Largeur : 3.0 \u00a0 \/ 4.0 \/ 4.0 \/ 4.5 \/ 5.0 \/mm<\/p>\n<p>Couleur des Diamants : G<\/p>\n<p>Puret\u00e9 des\u00a0Diamants : VS\u00a0<\/p>\n<p>R\u00e9f\u00e9rence : XYA0227 \/ XYA0263 \/ XYA0354 \/ XYA0186 \/\u00a0 BJA0022<\/p>\n","protected":false},"featured_media":4860,"template":"","meta":{"_seopress_robots_primary_cat":"","_seopress_titles_title":"","_seopress_titles_desc":"","_seopress_robots_index":"","_seopress_analysis_target_kw":"","iawp_total_views":5},"product_brand":[],"product_cat":[82],"product_tag":[],"class_list":{"0":"post-54325","1":"product","2":"type-product","3":"status-publish","4":"has-post-thumbnail","6":"product_cat-bracelets-diamants","8":"first","9":"instock","10":"shipping-taxable","11":"purchasable","12":"product-type-variable"},"_links":{"self":[{"href":"https:\/\/www.tc26-bijoux.com\/index.php?rest_route=\/wp\/v2\/product\/54325","targetHints":{"allow":["GET"]}}],"collection":[{"href":"https:\/\/www.tc26-bijoux.com\/index.php?rest_route=\/wp\/v2\/product"}],"about":[{"href":"https:\/\/www.tc26-bijoux.com\/index.php?rest_route=\/wp\/v2\/types\/product"}],"wp:featuredmedia":[{"embeddable":true,"href":"https:\/\/www.tc26-bijoux.com\/index.php?rest_route=\/wp\/v2\/media\/4860"}],"wp:attachment":[{"href":"https:\/\/www.tc26-bijoux.com\/index.php?rest_route=%2Fwp%2Fv2%2Fmedia&parent=54325"}],"wp:term":[{"taxonomy":"product_brand","embeddable":true,"href":"https:\/\/www.tc26-bijoux.com\/index.php?rest_route=%2Fwp%2Fv2%2Fproduct_brand&post=54325"},{"taxonomy":"product_cat","embeddable":true,"href":"https:\/\/www.tc26-bijoux.com\/index.php?rest_route=%2Fwp%2Fv2%2Fproduct_cat&post=54325"},{"taxonomy":"product_tag","embeddable":true,"href":"https:\/\/www.tc26-bijoux.com\/index.php?rest_route=%2Fwp%2Fv2%2Fproduct_tag&post=54325"}],"curies":[{"name":"wp","href":"https:\/\/api.w.org\/{rel}","templated":true}]}}