{"id":54355,"date":"2025-03-12T12:02:25","date_gmt":"2025-03-12T11:02:25","guid":{"rendered":"https:\/\/www.tc26-bijoux.com\/?post_type=product&#038;p=54355"},"modified":"2025-03-21T14:09:06","modified_gmt":"2025-03-21T13:09:06","slug":"bracelet-diamants-et-or-18-carat-zarah","status":"publish","type":"product","link":"https:\/\/www.tc26-bijoux.com\/?product=bracelet-diamants-et-or-18-carat-zarah","title":{"rendered":"Bracelet Diamants et Or 18 carat Zarah"},"content":{"rendered":"<p>Le bracelet Zarah est un bijou \u00e9l\u00e9gant en or 18 carats, agr\u00e9ment\u00e9 de diamants d&rsquo;une belle couleur blanche. Les diamants ont une puret\u00e9 VS et un poids total variant de 0,90 \u00e0 4,00 carats. Vous pouvez choisir parmi diff\u00e9rentes largeurs, allant de 3,0 \u00e0 5,0 mm, pour trouver le bracelet qui correspond le mieux \u00e0 votre go\u00fbt et \u00e0 votre style. Que ce soit pour une occasion sp\u00e9ciale ou pour ajouter une touche de luxe \u00e0 votre tenue quotidienne, le bracelet Zarah sera un choix remarquable.<\/p>\n","protected":false},"excerpt":{"rendered":"<p>Mati\u00e8re : Or 18 carat\u00a0<\/p>\n<p>Couleur m\u00e9tal : Blanc<\/p>\n<p>Nature des Pierres : Diamants<\/p>\n<p>Couleur des Diamants : G<\/p>\n<p>Puret\u00e9 des\u00a0Diamants : VS\u00a0<\/p>\n<p>Poid Total des Diamants : 0.90 \/ 1.40 \/ 2.65 \/ 4.00 \u00a0carats<\/p>\n<p>Largeur : 3.0\u00a0 \/ 4.0 \/ 4.5 \/ 5.0 mm<\/p>\n<p>R\u00e9f\u00e9rence : XA0227(PR)<\/p>\n","protected":false},"featured_media":4885,"template":"","meta":{"_seopress_robots_primary_cat":"","_seopress_titles_title":"","_seopress_titles_desc":"","_seopress_robots_index":"","_seopress_analysis_target_kw":"","iawp_total_views":0},"product_brand":[],"product_cat":[82],"product_tag":[],"class_list":{"0":"post-54355","1":"product","2":"type-product","3":"status-publish","4":"has-post-thumbnail","6":"product_cat-bracelets-diamants","8":"first","9":"instock","10":"shipping-taxable","11":"purchasable","12":"product-type-variable"},"_links":{"self":[{"href":"https:\/\/www.tc26-bijoux.com\/index.php?rest_route=\/wp\/v2\/product\/54355","targetHints":{"allow":["GET"]}}],"collection":[{"href":"https:\/\/www.tc26-bijoux.com\/index.php?rest_route=\/wp\/v2\/product"}],"about":[{"href":"https:\/\/www.tc26-bijoux.com\/index.php?rest_route=\/wp\/v2\/types\/product"}],"wp:featuredmedia":[{"embeddable":true,"href":"https:\/\/www.tc26-bijoux.com\/index.php?rest_route=\/wp\/v2\/media\/4885"}],"wp:attachment":[{"href":"https:\/\/www.tc26-bijoux.com\/index.php?rest_route=%2Fwp%2Fv2%2Fmedia&parent=54355"}],"wp:term":[{"taxonomy":"product_brand","embeddable":true,"href":"https:\/\/www.tc26-bijoux.com\/index.php?rest_route=%2Fwp%2Fv2%2Fproduct_brand&post=54355"},{"taxonomy":"product_cat","embeddable":true,"href":"https:\/\/www.tc26-bijoux.com\/index.php?rest_route=%2Fwp%2Fv2%2Fproduct_cat&post=54355"},{"taxonomy":"product_tag","embeddable":true,"href":"https:\/\/www.tc26-bijoux.com\/index.php?rest_route=%2Fwp%2Fv2%2Fproduct_tag&post=54355"}],"curies":[{"name":"wp","href":"https:\/\/api.w.org\/{rel}","templated":true}]}}