{"id":54374,"date":"2025-03-12T12:02:32","date_gmt":"2025-03-12T11:02:32","guid":{"rendered":"https:\/\/www.tc26-bijoux.com\/?post_type=product&#038;p=54374"},"modified":"2025-03-21T14:09:06","modified_gmt":"2025-03-21T13:09:06","slug":"bracelet-diamants-et-or-18-carat-new-york","status":"publish","type":"product","link":"https:\/\/www.tc26-bijoux.com\/?product=bracelet-diamants-et-or-18-carat-new-york","title":{"rendered":"Bracelet Diamants et Or 18 carat New York"},"content":{"rendered":"<p>Le bracelet New York est un bijou luxueux en or 18 carats, agr\u00e9ment\u00e9 de magnifiques diamants. Le poids total des diamants sur ce bracelet est de 0,85 carat, ce qui lui conf\u00e8re une brillance \u00e9blouissante. Les diamants ajoutent une touche d&rsquo;\u00e9l\u00e9gance et de sophistication \u00e0 ce bracelet, le transformant en un v\u00e9ritable joyau. Que ce soit pour une occasion sp\u00e9ciale ou pour compl\u00e9ter votre look quotidien, le bracelet New York est un choix parfait pour ajouter une touche de glamour \u00e0 votre poignet.<\/p>\n","protected":false},"excerpt":{"rendered":"<p>Matiere :Or 18 Carat<\/p>\n<p>Nature des Pierres: Diamants<\/p>\n<p>Poid des Diamants: 0.85 Carat<\/p>\n<p>Poid Or: 10.15 g<\/p>\n","protected":false},"featured_media":14302,"template":"","meta":{"_seopress_robots_primary_cat":"","_seopress_titles_title":"","_seopress_titles_desc":"","_seopress_robots_index":"","_seopress_analysis_target_kw":"","iawp_total_views":3},"product_brand":[],"product_cat":[82],"product_tag":[],"class_list":{"0":"post-54374","1":"product","2":"type-product","3":"status-publish","4":"has-post-thumbnail","6":"product_cat-bracelets-diamants","8":"first","9":"instock","10":"shipping-taxable","11":"purchasable","12":"product-type-variable"},"_links":{"self":[{"href":"https:\/\/www.tc26-bijoux.com\/index.php?rest_route=\/wp\/v2\/product\/54374","targetHints":{"allow":["GET"]}}],"collection":[{"href":"https:\/\/www.tc26-bijoux.com\/index.php?rest_route=\/wp\/v2\/product"}],"about":[{"href":"https:\/\/www.tc26-bijoux.com\/index.php?rest_route=\/wp\/v2\/types\/product"}],"wp:featuredmedia":[{"embeddable":true,"href":"https:\/\/www.tc26-bijoux.com\/index.php?rest_route=\/wp\/v2\/media\/14302"}],"wp:attachment":[{"href":"https:\/\/www.tc26-bijoux.com\/index.php?rest_route=%2Fwp%2Fv2%2Fmedia&parent=54374"}],"wp:term":[{"taxonomy":"product_brand","embeddable":true,"href":"https:\/\/www.tc26-bijoux.com\/index.php?rest_route=%2Fwp%2Fv2%2Fproduct_brand&post=54374"},{"taxonomy":"product_cat","embeddable":true,"href":"https:\/\/www.tc26-bijoux.com\/index.php?rest_route=%2Fwp%2Fv2%2Fproduct_cat&post=54374"},{"taxonomy":"product_tag","embeddable":true,"href":"https:\/\/www.tc26-bijoux.com\/index.php?rest_route=%2Fwp%2Fv2%2Fproduct_tag&post=54374"}],"curies":[{"name":"wp","href":"https:\/\/api.w.org\/{rel}","templated":true}]}}