{"id":54390,"date":"2025-03-12T12:02:35","date_gmt":"2025-03-12T11:02:35","guid":{"rendered":"https:\/\/www.tc26-bijoux.com\/?post_type=product&#038;p=54390"},"modified":"2025-03-21T14:09:15","modified_gmt":"2025-03-21T13:09:15","slug":"bracelet-or-diamants-alicia-k","status":"publish","type":"product","link":"https:\/\/www.tc26-bijoux.com\/?product=bracelet-or-diamants-alicia-k","title":{"rendered":"Bracelet or Diamants Alicia k"},"content":{"rendered":"<p>Ce bracelet \u00ab\u00a0Alicia K\u00a0\u00bb en or 18 carats d&rsquo;un poid total de 1.32. d&rsquo;une \u00e9l\u00e9gance in\u00e9gal\u00e9e. Fabriqu\u00e9 avec pr\u00e9cision, ajoutant une brillance \u00e9blouissante \u00e0 votre poignet. Son design raffin\u00e9 et intemporel en fait un accessoire polyvalent, parfait pour toutes les occasions.\u00a0\u00bbAlicia K\u00a0\u00bb est le choix id\u00e9al pour apporter une touche de luxe \u00e0 votre style. Avec sa qualit\u00e9 exceptionnelle et son \u00e9clat \u00e9tincelant, ce bracelet vous fera briller de mille feux.<\/p>\n","protected":false},"excerpt":{"rendered":"<p>Ce bracelet \u00ab\u00a0Alicia K\u00a0\u00bb en or 18 carats d&rsquo;un poid total de 1.32. d&rsquo;une \u00e9l\u00e9gance in\u00e9gal\u00e9e. Fabriqu\u00e9 avec pr\u00e9cision, ajoutant une brillance \u00e9blouissante \u00e0 votre poignet.<span class=\"excerpt-hellip\"> [\u2026]<\/span><\/p>\n","protected":false},"featured_media":14270,"template":"","meta":{"_seopress_robots_primary_cat":"","_seopress_titles_title":"","_seopress_titles_desc":"","_seopress_robots_index":"","_seopress_analysis_target_kw":"","iawp_total_views":22},"product_brand":[],"product_cat":[82],"product_tag":[],"class_list":{"0":"post-54390","1":"product","2":"type-product","3":"status-publish","4":"has-post-thumbnail","6":"product_cat-bracelets-diamants","8":"first","9":"instock","10":"shipping-taxable","11":"purchasable","12":"product-type-variable"},"_links":{"self":[{"href":"https:\/\/www.tc26-bijoux.com\/index.php?rest_route=\/wp\/v2\/product\/54390","targetHints":{"allow":["GET"]}}],"collection":[{"href":"https:\/\/www.tc26-bijoux.com\/index.php?rest_route=\/wp\/v2\/product"}],"about":[{"href":"https:\/\/www.tc26-bijoux.com\/index.php?rest_route=\/wp\/v2\/types\/product"}],"wp:featuredmedia":[{"embeddable":true,"href":"https:\/\/www.tc26-bijoux.com\/index.php?rest_route=\/wp\/v2\/media\/14270"}],"wp:attachment":[{"href":"https:\/\/www.tc26-bijoux.com\/index.php?rest_route=%2Fwp%2Fv2%2Fmedia&parent=54390"}],"wp:term":[{"taxonomy":"product_brand","embeddable":true,"href":"https:\/\/www.tc26-bijoux.com\/index.php?rest_route=%2Fwp%2Fv2%2Fproduct_brand&post=54390"},{"taxonomy":"product_cat","embeddable":true,"href":"https:\/\/www.tc26-bijoux.com\/index.php?rest_route=%2Fwp%2Fv2%2Fproduct_cat&post=54390"},{"taxonomy":"product_tag","embeddable":true,"href":"https:\/\/www.tc26-bijoux.com\/index.php?rest_route=%2Fwp%2Fv2%2Fproduct_tag&post=54390"}],"curies":[{"name":"wp","href":"https:\/\/api.w.org\/{rel}","templated":true}]}}