{"id":54422,"date":"2025-03-12T12:02:45","date_gmt":"2025-03-12T11:02:45","guid":{"rendered":"https:\/\/www.tc26-bijoux.com\/?post_type=product&#038;p=54422"},"modified":"2025-03-21T14:09:17","modified_gmt":"2025-03-21T13:09:17","slug":"bracelet-or-18-carat-et-diamants-trixia","status":"publish","type":"product","link":"https:\/\/www.tc26-bijoux.com\/?product=bracelet-or-18-carat-et-diamants-trixia","title":{"rendered":"Bracelet Or 18 carat et Diamants Trixia"},"content":{"rendered":"<p>Le bracelet Trixia est un bijou en or 18 carats disponible en couleur blanche ou jaune. Il est orn\u00e9 de 51 diamants d&rsquo;un total de 3 carats, ce qui lui conf\u00e8re un \u00e9clat remarquable. Les diamants utilis\u00e9s sont de couleur G et de puret\u00e9 VS, assurant ainsi leur qualit\u00e9 et leur brillance. Ce bracelet est un choix \u00e9l\u00e9gant et luxueux qui ajoutera une touche de sophistication \u00e0 votre poignet.<\/p>\n","protected":false},"excerpt":{"rendered":"<p>Le bracelet Trixia est un bijou en or 18 carats disponible en couleur blanche ou jaune. Il est orn\u00e9 de 51 diamants d&rsquo;un total de 3<span class=\"excerpt-hellip\"> [\u2026]<\/span><\/p>\n","protected":false},"featured_media":584,"template":"","meta":{"_seopress_robots_primary_cat":"","_seopress_titles_title":"","_seopress_titles_desc":"","_seopress_robots_index":"","_seopress_analysis_target_kw":"","iawp_total_views":4},"product_brand":[],"product_cat":[82],"product_tag":[],"class_list":{"0":"post-54422","1":"product","2":"type-product","3":"status-publish","4":"has-post-thumbnail","6":"product_cat-bracelets-diamants","8":"first","9":"instock","10":"shipping-taxable","11":"purchasable","12":"product-type-variable"},"_links":{"self":[{"href":"https:\/\/www.tc26-bijoux.com\/index.php?rest_route=\/wp\/v2\/product\/54422","targetHints":{"allow":["GET"]}}],"collection":[{"href":"https:\/\/www.tc26-bijoux.com\/index.php?rest_route=\/wp\/v2\/product"}],"about":[{"href":"https:\/\/www.tc26-bijoux.com\/index.php?rest_route=\/wp\/v2\/types\/product"}],"wp:featuredmedia":[{"embeddable":true,"href":"https:\/\/www.tc26-bijoux.com\/index.php?rest_route=\/wp\/v2\/media\/584"}],"wp:attachment":[{"href":"https:\/\/www.tc26-bijoux.com\/index.php?rest_route=%2Fwp%2Fv2%2Fmedia&parent=54422"}],"wp:term":[{"taxonomy":"product_brand","embeddable":true,"href":"https:\/\/www.tc26-bijoux.com\/index.php?rest_route=%2Fwp%2Fv2%2Fproduct_brand&post=54422"},{"taxonomy":"product_cat","embeddable":true,"href":"https:\/\/www.tc26-bijoux.com\/index.php?rest_route=%2Fwp%2Fv2%2Fproduct_cat&post=54422"},{"taxonomy":"product_tag","embeddable":true,"href":"https:\/\/www.tc26-bijoux.com\/index.php?rest_route=%2Fwp%2Fv2%2Fproduct_tag&post=54422"}],"curies":[{"name":"wp","href":"https:\/\/api.w.org\/{rel}","templated":true}]}}