{"id":54445,"date":"2025-03-12T12:02:53","date_gmt":"2025-03-12T11:02:53","guid":{"rendered":"https:\/\/www.tc26-bijoux.com\/?post_type=product&#038;p=54445"},"modified":"2025-03-21T14:09:17","modified_gmt":"2025-03-21T13:09:17","slug":"bracelet-jonc-diamants-et-or-18-carats-ebene","status":"publish","type":"product","link":"https:\/\/www.tc26-bijoux.com\/?product=bracelet-jonc-diamants-et-or-18-carats-ebene","title":{"rendered":"Bracelet Jonc Diamants et Or 18 Carats Eb\u00e8ne"},"content":{"rendered":"<p>Le bracelet jonc en diamants et or 18 carats \u00ab\u00a0Eb\u00e8ne\u00a0\u00bb est un bijou d&rsquo;une grande \u00e9l\u00e9gance et d&rsquo;une beaut\u00e9 intemporelle. Disponible en deux options de couleur, blanc ou jaune, ce bracelet met en valeur des diamants d&rsquo;un poids total de 3 carats. Les diamants, de couleur G et de puret\u00e9 VS, ajoutent une brillance \u00e9tincelante \u00e0 l&rsquo;ensemble. Avec une largeur de 5 mm, ce bracelet jonc est \u00e0 la fois \u00e9l\u00e9gant et audacieux, ajoutant une touche de sophistication \u00e0 votre poignet. Que vous le portiez au quotidien ou pour des occasions sp\u00e9ciales, le bracelet \u00ab\u00a0Eb\u00e8ne\u00a0\u00bb est un choix raffin\u00e9 et luxueux.<\/p>\n","protected":false},"excerpt":{"rendered":"<p>Le bracelet jonc en diamants et or 18 carats \u00ab\u00a0Eb\u00e8ne\u00a0\u00bb est un bijou d&rsquo;une grande \u00e9l\u00e9gance et d&rsquo;une beaut\u00e9 intemporelle. Disponible en deux options de couleur,<span class=\"excerpt-hellip\"> [\u2026]<\/span><\/p>\n","protected":false},"featured_media":4863,"template":"","meta":{"_seopress_robots_primary_cat":"","_seopress_titles_title":"","_seopress_titles_desc":"","_seopress_robots_index":"","_seopress_analysis_target_kw":"","iawp_total_views":4},"product_brand":[],"product_cat":[82],"product_tag":[],"class_list":{"0":"post-54445","1":"product","2":"type-product","3":"status-publish","4":"has-post-thumbnail","6":"product_cat-bracelets-diamants","8":"first","9":"instock","10":"shipping-taxable","11":"purchasable","12":"product-type-variable"},"_links":{"self":[{"href":"https:\/\/www.tc26-bijoux.com\/index.php?rest_route=\/wp\/v2\/product\/54445","targetHints":{"allow":["GET"]}}],"collection":[{"href":"https:\/\/www.tc26-bijoux.com\/index.php?rest_route=\/wp\/v2\/product"}],"about":[{"href":"https:\/\/www.tc26-bijoux.com\/index.php?rest_route=\/wp\/v2\/types\/product"}],"wp:featuredmedia":[{"embeddable":true,"href":"https:\/\/www.tc26-bijoux.com\/index.php?rest_route=\/wp\/v2\/media\/4863"}],"wp:attachment":[{"href":"https:\/\/www.tc26-bijoux.com\/index.php?rest_route=%2Fwp%2Fv2%2Fmedia&parent=54445"}],"wp:term":[{"taxonomy":"product_brand","embeddable":true,"href":"https:\/\/www.tc26-bijoux.com\/index.php?rest_route=%2Fwp%2Fv2%2Fproduct_brand&post=54445"},{"taxonomy":"product_cat","embeddable":true,"href":"https:\/\/www.tc26-bijoux.com\/index.php?rest_route=%2Fwp%2Fv2%2Fproduct_cat&post=54445"},{"taxonomy":"product_tag","embeddable":true,"href":"https:\/\/www.tc26-bijoux.com\/index.php?rest_route=%2Fwp%2Fv2%2Fproduct_tag&post=54445"}],"curies":[{"name":"wp","href":"https:\/\/api.w.org\/{rel}","templated":true}]}}