{"id":54500,"date":"2025-03-12T12:03:06","date_gmt":"2025-03-12T11:03:06","guid":{"rendered":"https:\/\/www.tc26-bijoux.com\/?post_type=product&#038;p=54500"},"modified":"2025-03-21T14:09:23","modified_gmt":"2025-03-21T13:09:23","slug":"tendance-or-blancdiamant-baguettes","status":"publish","type":"product","link":"https:\/\/www.tc26-bijoux.com\/?product=tendance-or-blancdiamant-baguettes","title":{"rendered":"Tendance or blanc,diamant baguettes"},"content":{"rendered":"<p>Le bracelet en or 18 carats et diamants est un v\u00e9ritable bijou de tendance et de sophistication. Fabriqu\u00e9 avec soin \u00e0 partir d&rsquo;un mat\u00e9riau pr\u00e9cieux, l&rsquo;or 18 carats, ce bracelet allie qualit\u00e9 et \u00e9clat. Les diamants, d&rsquo;une nature exquise, ajoutent une touche de glamour et de brillance \u00e0 l&rsquo;ensemble. Avec un poids total de diamants de 3,65 carats, ce bracelet brille de mille feux, attirant tous les regards. De plus, le bracelet est \u00e9galement dot\u00e9 d&rsquo;un poids en or de 13,78 grammes, ce qui lui conf\u00e8re une pr\u00e9sence solide et luxueuse. Portez ce bracelet avec assurance et \u00e9l\u00e9gance, et laissez sa beaut\u00e9 rehausser votre poignet avec une touche d&rsquo;\u00e9clat et de style intemporel.<\/p>\n","protected":false},"excerpt":{"rendered":"<p>Matiere: Or 18 Carat<\/p>\n<p>Nature des Pierres: Diamants<\/p>\n<p>Poid total des Diamants:3.65 Carats<\/p>\n<p>Poid Or :13.78<\/p>\n","protected":false},"featured_media":14253,"template":"","meta":{"_seopress_robots_primary_cat":"","_seopress_titles_title":"","_seopress_titles_desc":"","_seopress_robots_index":"","_seopress_analysis_target_kw":"","iawp_total_views":0},"product_brand":[],"product_cat":[82],"product_tag":[],"class_list":{"0":"post-54500","1":"product","2":"type-product","3":"status-publish","4":"has-post-thumbnail","6":"product_cat-bracelets-diamants","8":"first","9":"instock","10":"shipping-taxable","11":"purchasable","12":"product-type-variable"},"_links":{"self":[{"href":"https:\/\/www.tc26-bijoux.com\/index.php?rest_route=\/wp\/v2\/product\/54500","targetHints":{"allow":["GET"]}}],"collection":[{"href":"https:\/\/www.tc26-bijoux.com\/index.php?rest_route=\/wp\/v2\/product"}],"about":[{"href":"https:\/\/www.tc26-bijoux.com\/index.php?rest_route=\/wp\/v2\/types\/product"}],"wp:featuredmedia":[{"embeddable":true,"href":"https:\/\/www.tc26-bijoux.com\/index.php?rest_route=\/wp\/v2\/media\/14253"}],"wp:attachment":[{"href":"https:\/\/www.tc26-bijoux.com\/index.php?rest_route=%2Fwp%2Fv2%2Fmedia&parent=54500"}],"wp:term":[{"taxonomy":"product_brand","embeddable":true,"href":"https:\/\/www.tc26-bijoux.com\/index.php?rest_route=%2Fwp%2Fv2%2Fproduct_brand&post=54500"},{"taxonomy":"product_cat","embeddable":true,"href":"https:\/\/www.tc26-bijoux.com\/index.php?rest_route=%2Fwp%2Fv2%2Fproduct_cat&post=54500"},{"taxonomy":"product_tag","embeddable":true,"href":"https:\/\/www.tc26-bijoux.com\/index.php?rest_route=%2Fwp%2Fv2%2Fproduct_tag&post=54500"}],"curies":[{"name":"wp","href":"https:\/\/api.w.org\/{rel}","templated":true}]}}