{"id":54505,"date":"2025-03-12T12:03:11","date_gmt":"2025-03-12T11:03:11","guid":{"rendered":"https:\/\/www.tc26-bijoux.com\/?post_type=product&#038;p=54505"},"modified":"2025-03-21T14:09:24","modified_gmt":"2025-03-21T13:09:24","slug":"bracelet-or-18-carat-et-diamants-carlie","status":"publish","type":"product","link":"https:\/\/www.tc26-bijoux.com\/?product=bracelet-or-18-carat-et-diamants-carlie","title":{"rendered":"Bracelet Or 18 carat et Diamants Carlie"},"content":{"rendered":"<p>Le bracelet \u00ab\u00a0Carlie\u00a0\u00bb en or 18 carats est un bijou luxueux et \u00e9l\u00e9gant. Il est orn\u00e9 de magnifiques diamants d&rsquo;une puret\u00e9 VS et d&rsquo;une couleur G, offrant un \u00e9clat \u00e9blouissant. Avec un poids total de 7,70 carats et une largeur de 10,2 mm, ce bracelet est un v\u00e9ritable chef-d&rsquo;\u0153uvre de sophistication et de beaut\u00e9. Il compl\u00e9tera \u00e0 merveille votre poignet et ajoutera une touche de glamour \u00e0 toutes vos tenues, que ce soit pour une soir\u00e9e sp\u00e9ciale ou au quotidien.<\/p>\n","protected":false},"excerpt":{"rendered":"<p>Le bracelet \u00ab\u00a0Carlie\u00a0\u00bb en or 18 carats est un bijou luxueux et \u00e9l\u00e9gant. Il est orn\u00e9 de magnifiques diamants d&rsquo;une puret\u00e9 VS et d&rsquo;une couleur G,<span class=\"excerpt-hellip\"> [\u2026]<\/span><\/p>\n","protected":false},"featured_media":4912,"template":"","meta":{"_seopress_robots_primary_cat":"","_seopress_titles_title":"","_seopress_titles_desc":"","_seopress_robots_index":"","_seopress_analysis_target_kw":"","iawp_total_views":1},"product_brand":[],"product_cat":[82],"product_tag":[],"class_list":{"0":"post-54505","1":"product","2":"type-product","3":"status-publish","4":"has-post-thumbnail","6":"product_cat-bracelets-diamants","8":"first","9":"instock","10":"shipping-taxable","11":"purchasable","12":"product-type-variable"},"_links":{"self":[{"href":"https:\/\/www.tc26-bijoux.com\/index.php?rest_route=\/wp\/v2\/product\/54505","targetHints":{"allow":["GET"]}}],"collection":[{"href":"https:\/\/www.tc26-bijoux.com\/index.php?rest_route=\/wp\/v2\/product"}],"about":[{"href":"https:\/\/www.tc26-bijoux.com\/index.php?rest_route=\/wp\/v2\/types\/product"}],"wp:featuredmedia":[{"embeddable":true,"href":"https:\/\/www.tc26-bijoux.com\/index.php?rest_route=\/wp\/v2\/media\/4912"}],"wp:attachment":[{"href":"https:\/\/www.tc26-bijoux.com\/index.php?rest_route=%2Fwp%2Fv2%2Fmedia&parent=54505"}],"wp:term":[{"taxonomy":"product_brand","embeddable":true,"href":"https:\/\/www.tc26-bijoux.com\/index.php?rest_route=%2Fwp%2Fv2%2Fproduct_brand&post=54505"},{"taxonomy":"product_cat","embeddable":true,"href":"https:\/\/www.tc26-bijoux.com\/index.php?rest_route=%2Fwp%2Fv2%2Fproduct_cat&post=54505"},{"taxonomy":"product_tag","embeddable":true,"href":"https:\/\/www.tc26-bijoux.com\/index.php?rest_route=%2Fwp%2Fv2%2Fproduct_tag&post=54505"}],"curies":[{"name":"wp","href":"https:\/\/api.w.org\/{rel}","templated":true}]}}