{"id":54584,"date":"2025-03-12T12:03:34","date_gmt":"2025-03-12T11:03:34","guid":{"rendered":"https:\/\/www.tc26-bijoux.com\/?post_type=product&#038;p=54584"},"modified":"2025-03-21T14:09:29","modified_gmt":"2025-03-21T13:09:29","slug":"bracelet-or-18-carat-et-diamants-tina-2","status":"publish","type":"product","link":"https:\/\/www.tc26-bijoux.com\/?product=bracelet-or-18-carat-et-diamants-tina-2","title":{"rendered":"Bracelet Or 18 carat et Diamants Tina"},"content":{"rendered":"<p>Le bracelet Tina est un magnifique bijou en or 18 carats orn\u00e9 de diamants blancs, roses ou jaunes. Les diamants ont un caratage variant de 0,90 \u00e0 4,00 carats, avec une couleur G et une puret\u00e9 VS. Le bracelet est disponible dans des largeurs de 2, 2,5, 3 et 4 mm, vous permettant de choisir celui qui convient le mieux \u00e0 votre style et \u00e0 votre pr\u00e9f\u00e9rence. Il est l&rsquo;accessoire parfait pour ajouter une touche d&rsquo;\u00e9clat et de sophistication \u00e0 votre poignet.<\/p>\n","protected":false},"excerpt":{"rendered":"<p>Le bracelet Tina est un magnifique bijou en or 18 carats orn\u00e9 de diamants blancs, roses ou jaunes. Les diamants ont un caratage variant de 0,90<span class=\"excerpt-hellip\"> [\u2026]<\/span><\/p>\n","protected":false},"featured_media":4831,"template":"","meta":{"_seopress_robots_primary_cat":"","_seopress_titles_title":"","_seopress_titles_desc":"","_seopress_robots_index":"","_seopress_analysis_target_kw":"","iawp_total_views":1},"product_brand":[],"product_cat":[91],"product_tag":[],"class_list":{"0":"post-54584","1":"product","2":"type-product","3":"status-publish","4":"has-post-thumbnail","6":"product_cat-bracelets-joncs","8":"first","9":"instock","10":"shipping-taxable","11":"purchasable","12":"product-type-variable"},"_links":{"self":[{"href":"https:\/\/www.tc26-bijoux.com\/index.php?rest_route=\/wp\/v2\/product\/54584","targetHints":{"allow":["GET"]}}],"collection":[{"href":"https:\/\/www.tc26-bijoux.com\/index.php?rest_route=\/wp\/v2\/product"}],"about":[{"href":"https:\/\/www.tc26-bijoux.com\/index.php?rest_route=\/wp\/v2\/types\/product"}],"wp:featuredmedia":[{"embeddable":true,"href":"https:\/\/www.tc26-bijoux.com\/index.php?rest_route=\/wp\/v2\/media\/4831"}],"wp:attachment":[{"href":"https:\/\/www.tc26-bijoux.com\/index.php?rest_route=%2Fwp%2Fv2%2Fmedia&parent=54584"}],"wp:term":[{"taxonomy":"product_brand","embeddable":true,"href":"https:\/\/www.tc26-bijoux.com\/index.php?rest_route=%2Fwp%2Fv2%2Fproduct_brand&post=54584"},{"taxonomy":"product_cat","embeddable":true,"href":"https:\/\/www.tc26-bijoux.com\/index.php?rest_route=%2Fwp%2Fv2%2Fproduct_cat&post=54584"},{"taxonomy":"product_tag","embeddable":true,"href":"https:\/\/www.tc26-bijoux.com\/index.php?rest_route=%2Fwp%2Fv2%2Fproduct_tag&post=54584"}],"curies":[{"name":"wp","href":"https:\/\/api.w.org\/{rel}","templated":true}]}}