{"id":54707,"date":"2025-03-12T12:04:05","date_gmt":"2025-03-12T11:04:05","guid":{"rendered":"https:\/\/www.tc26-bijoux.com\/?post_type=product&#038;p=54707"},"modified":"2025-03-21T14:09:38","modified_gmt":"2025-03-21T13:09:38","slug":"bracelet-jonc-diamants-aymur","status":"publish","type":"product","link":"https:\/\/www.tc26-bijoux.com\/?product=bracelet-jonc-diamants-aymur","title":{"rendered":"Bracelet Jonc Diamants Aymur"},"content":{"rendered":"<p>Le bracelet jonc Aymur en or 18 carats est un bijou d&rsquo;exception. Il est disponible dans plusieurs couleurs : blanc, jaune, rose et 3 ors. Les diamants qui ornent ce bracelet sont de couleur G et de puret\u00e9 VS, offrant ainsi une brillance et une qualit\u00e9 exceptionnelles. Avec un poids total de 7.80 carats, ce bracelet jonc est un v\u00e9ritable symbole de luxe et d&rsquo;\u00e9l\u00e9gance. Sa largeur de 17.7 mm lui conf\u00e8re une pr\u00e9sence remarquable au poignet. C&rsquo;est un choix parfait pour ajouter une touche de sophistication \u00e0 votre style.<\/p>\n","protected":false},"excerpt":{"rendered":"<p>Le bracelet jonc Aymur en or 18 carats est un bijou d&rsquo;exception. Il est disponible dans plusieurs couleurs : blanc, jaune, rose et 3 ors. Les<span class=\"excerpt-hellip\"> [\u2026]<\/span><\/p>\n","protected":false},"featured_media":4911,"template":"","meta":{"_seopress_robots_primary_cat":"","_seopress_titles_title":"","_seopress_titles_desc":"","_seopress_robots_index":"","_seopress_analysis_target_kw":"","iawp_total_views":4},"product_brand":[],"product_cat":[91],"product_tag":[],"class_list":{"0":"post-54707","1":"product","2":"type-product","3":"status-publish","4":"has-post-thumbnail","6":"product_cat-bracelets-joncs","8":"first","9":"instock","10":"shipping-taxable","11":"purchasable","12":"product-type-variable"},"_links":{"self":[{"href":"https:\/\/www.tc26-bijoux.com\/index.php?rest_route=\/wp\/v2\/product\/54707","targetHints":{"allow":["GET"]}}],"collection":[{"href":"https:\/\/www.tc26-bijoux.com\/index.php?rest_route=\/wp\/v2\/product"}],"about":[{"href":"https:\/\/www.tc26-bijoux.com\/index.php?rest_route=\/wp\/v2\/types\/product"}],"wp:featuredmedia":[{"embeddable":true,"href":"https:\/\/www.tc26-bijoux.com\/index.php?rest_route=\/wp\/v2\/media\/4911"}],"wp:attachment":[{"href":"https:\/\/www.tc26-bijoux.com\/index.php?rest_route=%2Fwp%2Fv2%2Fmedia&parent=54707"}],"wp:term":[{"taxonomy":"product_brand","embeddable":true,"href":"https:\/\/www.tc26-bijoux.com\/index.php?rest_route=%2Fwp%2Fv2%2Fproduct_brand&post=54707"},{"taxonomy":"product_cat","embeddable":true,"href":"https:\/\/www.tc26-bijoux.com\/index.php?rest_route=%2Fwp%2Fv2%2Fproduct_cat&post=54707"},{"taxonomy":"product_tag","embeddable":true,"href":"https:\/\/www.tc26-bijoux.com\/index.php?rest_route=%2Fwp%2Fv2%2Fproduct_tag&post=54707"}],"curies":[{"name":"wp","href":"https:\/\/api.w.org\/{rel}","templated":true}]}}