{"id":54734,"date":"2025-03-12T12:04:15","date_gmt":"2025-03-12T11:04:15","guid":{"rendered":"https:\/\/www.tc26-bijoux.com\/?post_type=product&#038;p=54734"},"modified":"2025-03-21T14:09:41","modified_gmt":"2025-03-21T13:09:41","slug":"bracelet-or-18-carats-et-diamants-leana","status":"publish","type":"product","link":"https:\/\/www.tc26-bijoux.com\/?product=bracelet-or-18-carats-et-diamants-leana","title":{"rendered":"Bracelet Or 18 Carats et Diamants Leana"},"content":{"rendered":"<p>Le bracelet Leana en or 18 carats et diamants est une pi\u00e8ce d&rsquo;une \u00e9l\u00e9gance et d&rsquo;un raffinement exceptionnels. Les pierres pr\u00e9cieuses de couleur bleue, des saphirs, conf\u00e8rent au bracelet une allure distincte et captivante. Avec un caratage total de 1,99 carats, les saphirs ajoutent une beaut\u00e9 saisissante \u00e0 ce bijou. Les diamants incrust\u00e9s dans l&rsquo;or 18 carats ajoutent un \u00e9clat luxueux et compl\u00e8tent harmonieusement le design. Ce bracelet est le choix parfait pour celles et ceux qui cherchent \u00e0 faire une d\u00e9claration de style audacieuse et sophistiqu\u00e9e. Le bracelet Leana est un tr\u00e9sor pr\u00e9cieux qui ajoutera une touche de glamour \u00e0 toute tenue et qui est destin\u00e9 \u00e0 \u00eatre ch\u00e9ri pour sa beaut\u00e9 intemporelle.<\/p>\n","protected":false},"excerpt":{"rendered":"<p>Mati\u00e8re\u00a0: Or 18\u00a0Carats<\/p>\n<p>Couleur m\u00e9tal\u00a0: Blanc\u00a0<\/p>\n<p>Nature des Pierres\u00a0: Diamants\u00a0<\/p>\n<p>Caratage des Pierres\u00a0\u00a0:1.99\u00a0Carats\u00a0<\/p>\n<p>Couleur des pierre : Bleu Saphire\u00a0<\/p>\n<p>Largeur\u00a0: 3.4 mm<\/p>\n<p>Couleur des Diamants\u00a0: G<\/p>\n<p>Puret\u00e9 des\u00a0Diamants\u00a0: VS\u00a0<\/p>\n<p>R\u00e9f\u00e9rence\u00a0: BJB0008<\/p>\n","protected":false},"featured_media":11072,"template":"","meta":{"_seopress_robots_primary_cat":"","_seopress_titles_title":"","_seopress_titles_desc":"","_seopress_robots_index":"","_seopress_analysis_target_kw":"","iawp_total_views":7},"product_brand":[],"product_cat":[89],"product_tag":[],"class_list":{"0":"post-54734","1":"product","2":"type-product","3":"status-publish","4":"has-post-thumbnail","6":"product_cat-bracelets-pierres-precieuses","8":"first","9":"instock","10":"shipping-taxable","11":"purchasable","12":"product-type-variable"},"_links":{"self":[{"href":"https:\/\/www.tc26-bijoux.com\/index.php?rest_route=\/wp\/v2\/product\/54734","targetHints":{"allow":["GET"]}}],"collection":[{"href":"https:\/\/www.tc26-bijoux.com\/index.php?rest_route=\/wp\/v2\/product"}],"about":[{"href":"https:\/\/www.tc26-bijoux.com\/index.php?rest_route=\/wp\/v2\/types\/product"}],"wp:featuredmedia":[{"embeddable":true,"href":"https:\/\/www.tc26-bijoux.com\/index.php?rest_route=\/wp\/v2\/media\/11072"}],"wp:attachment":[{"href":"https:\/\/www.tc26-bijoux.com\/index.php?rest_route=%2Fwp%2Fv2%2Fmedia&parent=54734"}],"wp:term":[{"taxonomy":"product_brand","embeddable":true,"href":"https:\/\/www.tc26-bijoux.com\/index.php?rest_route=%2Fwp%2Fv2%2Fproduct_brand&post=54734"},{"taxonomy":"product_cat","embeddable":true,"href":"https:\/\/www.tc26-bijoux.com\/index.php?rest_route=%2Fwp%2Fv2%2Fproduct_cat&post=54734"},{"taxonomy":"product_tag","embeddable":true,"href":"https:\/\/www.tc26-bijoux.com\/index.php?rest_route=%2Fwp%2Fv2%2Fproduct_tag&post=54734"}],"curies":[{"name":"wp","href":"https:\/\/api.w.org\/{rel}","templated":true}]}}