{"id":54829,"date":"2025-03-12T12:04:43","date_gmt":"2025-03-12T11:04:43","guid":{"rendered":"https:\/\/www.tc26-bijoux.com\/?post_type=product&#038;p=54829"},"modified":"2025-03-21T14:09:47","modified_gmt":"2025-03-21T13:09:47","slug":"bracelet-or-18-carats-et-diamants-faustine","status":"publish","type":"product","link":"https:\/\/www.tc26-bijoux.com\/?product=bracelet-or-18-carats-et-diamants-faustine","title":{"rendered":"Bracelet Or 18 Carats et Diamants Faustine"},"content":{"rendered":"<p>Le bracelet \u00ab\u00a0Faustine\u00a0\u00bb est un superbe bijou en or 18 carats incrust\u00e9 de diamants et de saphirs. Les diamants ont une couleur G et une puret\u00e9 VS, assurant ainsi un \u00e9clat et une brillance remarquables. Les pierres de saphir ajoutent une touche de couleur et de sophistication \u00e0 l&rsquo;ensemble. Le bracelet a une largeur de 9,8 mm, ce qui lui conf\u00e8re une pr\u00e9sence et un impact visuel remarquables. Avec un caratage des pierres compris entre 3,60 et 4,30 carats, ce bracelet est un v\u00e9ritable bijou d&rsquo;exception qui saura attirer tous les regards.<\/p>\n","protected":false},"excerpt":{"rendered":"<p>Mati\u00e8re\u00a0: Or 18\u00a0Carats<\/p>\n<p>Couleur m\u00e9tal\u00a0: Blanc\u00a0<\/p>\n<p>Nature des Pierres\u00a0: Diamants\u00a0<\/p>\n<p>Caratage des Pierres\u00a0\u00a0:3.60 \/ 4.30 Carats\u00a0<\/p>\n<p>Couleur des pierre :Saphir<\/p>\n<p>Largeur\u00a0: 9.8\u00a0mm<\/p>\n<p>Couleur des Diamants\u00a0: G<\/p>\n<p>Puret\u00e9 des\u00a0Diamants\u00a0: VS\u00a0<\/p>\n<p>R\u00e9f\u00e9rence\u00a0: SB1619\/ SB1623<\/p>\n","protected":false},"featured_media":11093,"template":"","meta":{"_seopress_robots_primary_cat":"","_seopress_titles_title":"","_seopress_titles_desc":"","_seopress_robots_index":"","_seopress_analysis_target_kw":"","iawp_total_views":1},"product_brand":[],"product_cat":[89],"product_tag":[],"class_list":{"0":"post-54829","1":"product","2":"type-product","3":"status-publish","4":"has-post-thumbnail","6":"product_cat-bracelets-pierres-precieuses","8":"first","9":"instock","10":"shipping-taxable","11":"purchasable","12":"product-type-variable"},"_links":{"self":[{"href":"https:\/\/www.tc26-bijoux.com\/index.php?rest_route=\/wp\/v2\/product\/54829","targetHints":{"allow":["GET"]}}],"collection":[{"href":"https:\/\/www.tc26-bijoux.com\/index.php?rest_route=\/wp\/v2\/product"}],"about":[{"href":"https:\/\/www.tc26-bijoux.com\/index.php?rest_route=\/wp\/v2\/types\/product"}],"wp:featuredmedia":[{"embeddable":true,"href":"https:\/\/www.tc26-bijoux.com\/index.php?rest_route=\/wp\/v2\/media\/11093"}],"wp:attachment":[{"href":"https:\/\/www.tc26-bijoux.com\/index.php?rest_route=%2Fwp%2Fv2%2Fmedia&parent=54829"}],"wp:term":[{"taxonomy":"product_brand","embeddable":true,"href":"https:\/\/www.tc26-bijoux.com\/index.php?rest_route=%2Fwp%2Fv2%2Fproduct_brand&post=54829"},{"taxonomy":"product_cat","embeddable":true,"href":"https:\/\/www.tc26-bijoux.com\/index.php?rest_route=%2Fwp%2Fv2%2Fproduct_cat&post=54829"},{"taxonomy":"product_tag","embeddable":true,"href":"https:\/\/www.tc26-bijoux.com\/index.php?rest_route=%2Fwp%2Fv2%2Fproduct_tag&post=54829"}],"curies":[{"name":"wp","href":"https:\/\/api.w.org\/{rel}","templated":true}]}}