{"id":54921,"date":"2025-03-12T12:05:09","date_gmt":"2025-03-12T11:05:09","guid":{"rendered":"https:\/\/www.tc26-bijoux.com\/?post_type=product&#038;p=54921"},"modified":"2025-04-11T12:50:04","modified_gmt":"2025-04-11T10:50:04","slug":"bracelet-riviere-diamants-et-or-18-carats-noir","status":"publish","type":"product","link":"https:\/\/www.tc26-bijoux.com\/?product=bracelet-riviere-diamants-et-or-18-carats-noir","title":{"rendered":"Bracelet Riviere Diamants et Or 18 Carats Noir"},"content":{"rendered":"<p>Le bracelet rivi\u00e8re diamants et or 18 carats noir est une pi\u00e8ce audacieuse et \u00e9l\u00e9gante. Il est disponible en blanc, jaune, rose ou avec un rev\u00eatement noir en rhodium. Les pierres utilis\u00e9es sont des diamants noirs, ce qui conf\u00e8re au bracelet une allure unique et moderne. L&rsquo;association des diamants noirs et de l&rsquo;or 18 carats cr\u00e9e un contraste saisissant et met en valeur la beaut\u00e9 sombre des pierres. Ce bracelet rivi\u00e8re est parfait pour ajouter une touche de sophistication et de myst\u00e8re \u00e0 votre poignet.<\/p>\n","protected":false},"excerpt":{"rendered":"<p>Matiere: Or 18 Carats<\/p>\n<p>Couleure Metal:Blanc\/Jaune\/Rose\/Rodihage Noir<\/p>\n<p>Nature des Pierres :Diamants Noir<\/p>\n<p>Longueur\u00a0:18cm \/ 20cm Homme<\/p>\n","protected":false},"featured_media":14252,"template":"","meta":{"_seopress_robots_primary_cat":"","_seopress_titles_title":"","_seopress_titles_desc":"","_seopress_robots_index":"","_seopress_analysis_target_kw":"","iawp_total_views":36},"product_brand":[],"product_cat":[92],"product_tag":[],"class_list":{"0":"post-54921","1":"product","2":"type-product","3":"status-publish","4":"has-post-thumbnail","6":"product_cat-bracelets-rivieres","8":"first","9":"instock","10":"featured","11":"shipping-taxable","12":"purchasable","13":"product-type-variable"},"_links":{"self":[{"href":"https:\/\/www.tc26-bijoux.com\/index.php?rest_route=\/wp\/v2\/product\/54921","targetHints":{"allow":["GET"]}}],"collection":[{"href":"https:\/\/www.tc26-bijoux.com\/index.php?rest_route=\/wp\/v2\/product"}],"about":[{"href":"https:\/\/www.tc26-bijoux.com\/index.php?rest_route=\/wp\/v2\/types\/product"}],"wp:featuredmedia":[{"embeddable":true,"href":"https:\/\/www.tc26-bijoux.com\/index.php?rest_route=\/wp\/v2\/media\/14252"}],"wp:attachment":[{"href":"https:\/\/www.tc26-bijoux.com\/index.php?rest_route=%2Fwp%2Fv2%2Fmedia&parent=54921"}],"wp:term":[{"taxonomy":"product_brand","embeddable":true,"href":"https:\/\/www.tc26-bijoux.com\/index.php?rest_route=%2Fwp%2Fv2%2Fproduct_brand&post=54921"},{"taxonomy":"product_cat","embeddable":true,"href":"https:\/\/www.tc26-bijoux.com\/index.php?rest_route=%2Fwp%2Fv2%2Fproduct_cat&post=54921"},{"taxonomy":"product_tag","embeddable":true,"href":"https:\/\/www.tc26-bijoux.com\/index.php?rest_route=%2Fwp%2Fv2%2Fproduct_tag&post=54921"}],"curies":[{"name":"wp","href":"https:\/\/api.w.org\/{rel}","templated":true}]}}